{"id":1559,"date":"2019-06-16T02:14:52","date_gmt":"2019-06-16T00:14:52","guid":{"rendered":"https:\/\/abcinsurance.be\/?page_id=1559"},"modified":"2024-02-19T14:40:18","modified_gmt":"2024-02-19T13:40:18","slug":"epargne-et-investissements","status":"publish","type":"page","link":"https:\/\/abcinsurance.be\/?page_id=1559","title":{"rendered":"Epargne et investissements"},"content":{"rendered":"<h4>l&rsquo;\u00e9pargne et l&rsquo;investissement sont des pratiques compl\u00e9mentaires visant \u00e0 assurer la s\u00e9curit\u00e9 financi\u00e8re \u00e0 court terme et \u00e0 favoriser la croissance et la r\u00e9alisation des objectifs \u00e0 long terme. Il est essentiel de bien comprendre ses propres objectifs financiers, sa tol\u00e9rance au risque et de planifier en cons\u00e9quence.<\/h4>\n<h4>D\u00e9couvrez les meilleurs placements en remplissant le formulaire ci-dessous. Nous vous recontacterons dans les plus brefs d\u00e9lais.<\/h4>\n<hr \/>\n<h4><div class=\"wpforms-container wpforms-container-full\" id=\"wpforms-1564\"><form id=\"wpforms-form-1564\" class=\"wpforms-validate wpforms-form\" data-formid=\"1564\" method=\"post\" enctype=\"multipart\/form-data\" action=\"\/index.php?rest_route=%2Fwp%2Fv2%2Fpages%2F1559\" data-token=\"2ee4fe2fca2274a89961bda02b820474\" data-token-time=\"1777024764\"><noscript class=\"wpforms-error-noscript\">Veuillez activer JavaScript dans votre navigateur pour remplir ce formulaire.<\/noscript><div class=\"wpforms-field-container\"><div id=\"wpforms-1564-field_6-container\" class=\"wpforms-field wpforms-field-radio\" data-field-id=\"6\"><label class=\"wpforms-field-label\">Choix multiple <span class=\"wpforms-required-label\">*<\/span><\/label><ul id=\"wpforms-1564-field_6\" class=\"wpforms-field-required\"><li class=\"choice-1 depth-1\"><input type=\"radio\" id=\"wpforms-1564-field_6_1\" name=\"wpforms[fields][6]\" value=\"Pr\u00eat Hypot\u00e9caire\" required ><label class=\"wpforms-field-label-inline\" for=\"wpforms-1564-field_6_1\">Pr\u00eat Hypot\u00e9caire<\/label><\/li><li class=\"choice-2 depth-1\"><input type=\"radio\" id=\"wpforms-1564-field_6_2\" name=\"wpforms[fields][6]\" value=\"Pr\u00eat \u00e0 la construction\" required ><label class=\"wpforms-field-label-inline\" for=\"wpforms-1564-field_6_2\">Pr\u00eat \u00e0 la construction<\/label><\/li><li class=\"choice-3 depth-1\"><input type=\"radio\" id=\"wpforms-1564-field_6_3\" name=\"wpforms[fields][6]\" value=\"Pr\u00eat \u00e0 la r\u00e9novation\" required ><label class=\"wpforms-field-label-inline\" for=\"wpforms-1564-field_6_3\">Pr\u00eat \u00e0 la r\u00e9novation<\/label><\/li><li class=\"choice-4 depth-1\"><input type=\"radio\" id=\"wpforms-1564-field_6_4\" name=\"wpforms[fields][6]\" value=\"Financement auto\" required ><label class=\"wpforms-field-label-inline\" for=\"wpforms-1564-field_6_4\">Financement auto<\/label><\/li><\/ul><\/div><div id=\"wpforms-1564-field_4-container\" class=\"wpforms-field wpforms-field-name\" data-field-id=\"4\"><label class=\"wpforms-field-label\">Nom <span class=\"wpforms-required-label\">*<\/span><\/label><div class=\"wpforms-field-row wpforms-field-medium\"><div class=\"wpforms-field-row-block wpforms-first wpforms-one-half\"><input type=\"text\" id=\"wpforms-1564-field_4\" class=\"wpforms-field-name-first wpforms-field-required\" name=\"wpforms[fields][4][first]\" required><label for=\"wpforms-1564-field_4\" class=\"wpforms-field-sublabel after\">Pr\u00e9nom<\/label><\/div><div class=\"wpforms-field-row-block wpforms-one-half\"><input type=\"text\" id=\"wpforms-1564-field_4-last\" class=\"wpforms-field-name-last wpforms-field-required\" name=\"wpforms[fields][4][last]\" required><label for=\"wpforms-1564-field_4-last\" class=\"wpforms-field-sublabel after\">Nom<\/label><\/div><\/div><\/div><div id=\"wpforms-1564-field_7-container\" class=\"wpforms-field wpforms-field-text\" data-field-id=\"7\"><label class=\"wpforms-field-label\" for=\"wpforms-1564-field_7\">Adresse <span class=\"wpforms-required-label\">*<\/span><\/label><input type=\"text\" id=\"wpforms-1564-field_7\" class=\"wpforms-field-large wpforms-field-required\" name=\"wpforms[fields][7]\" required><\/div><div id=\"wpforms-1564-field_5-container\" class=\"wpforms-field wpforms-field-email\" data-field-id=\"5\"><label class=\"wpforms-field-label\" for=\"wpforms-1564-field_5\">E-mail <span class=\"wpforms-required-label\">*<\/span><\/label><input type=\"email\" id=\"wpforms-1564-field_5\" class=\"wpforms-field-medium wpforms-field-required\" name=\"wpforms[fields][5]\" spellcheck=\"false\" required><\/div><div id=\"wpforms-1564-field_2-container\" class=\"wpforms-field wpforms-field-text\" data-field-id=\"2\"><label class=\"wpforms-field-label\" for=\"wpforms-1564-field_2\">Num\u00e9ro de t\u00e9l\u00e9phone <span class=\"wpforms-required-label\">*<\/span><\/label><input type=\"text\" id=\"wpforms-1564-field_2\" class=\"wpforms-field-medium wpforms-field-required\" name=\"wpforms[fields][2]\" required><\/div><\/div><!-- .wpforms-field-container --><div class=\"wpforms-field wpforms-field-hp\"><label for=\"wpforms-1564-field-hp\" class=\"wpforms-field-label\">Comment<\/label><input type=\"text\" name=\"wpforms[hp]\" id=\"wpforms-1564-field-hp\" class=\"wpforms-field-medium\"><\/div><div class=\"wpforms-submit-container\" ><input type=\"hidden\" name=\"wpforms[id]\" value=\"1564\"><input type=\"hidden\" name=\"page_title\" value=\"\"><input type=\"hidden\" name=\"page_url\" value=\"https:\/\/abcinsurance.be\/index.php?rest_route=\/wp\/v2\/pages\/1559\"><button type=\"submit\" name=\"wpforms[submit]\" id=\"wpforms-submit-1564\" class=\"wpforms-submit\" data-alt-text=\"Envoi...\" data-submit-text=\"Envoyer\" aria-live=\"assertive\" value=\"wpforms-submit\">Envoyer<\/button><\/div><\/form><\/div>  <!-- .wpforms-container --><\/h4>\n<hr \/>\n","protected":false},"excerpt":{"rendered":"<p>l&rsquo;\u00e9pargne et l&rsquo;investissement sont des pratiques compl\u00e9mentaires visant \u00e0 assurer la s\u00e9curit\u00e9 financi\u00e8re \u00e0 court terme et \u00e0 favoriser la croissance et la r\u00e9alisation des objectifs \u00e0 long terme. Il est essentiel de bien comprendre ses propres objectifs financiers, sa tol\u00e9rance au risque et de planifier en cons\u00e9quence. D\u00e9couvrez les meilleurs placements en remplissant le [&hellip;]<\/p>\n","protected":false},"author":1,"featured_media":0,"parent":0,"menu_order":0,"comment_status":"closed","ping_status":"closed","template":"template-content-with-sidebar.php","meta":{"footnotes":""},"yoast_head":"<!-- This site is optimized with the Yoast SEO plugin v22.9 - https:\/\/yoast.com\/wordpress\/plugins\/seo\/ -->\n<title>Epargne et investissements - ABC Insurance<\/title>\n<meta name=\"description\" content=\"L&#039;\u00e9pargne et l&#039;investissement sont deux pratiques financi\u00e8res cruciales qui permettent de r\u00e9aliser divers objectifs financiers \u00e0 long terme.\" \/>\n<meta name=\"robots\" content=\"noindex, follow, max-snippet:-1, max-image-preview:large, max-video-preview:-1\" \/>\n<meta property=\"og:locale\" content=\"fr_FR\" \/>\n<meta property=\"og:type\" content=\"article\" \/>\n<meta property=\"og:title\" content=\"Epargne et investissements - ABC Insurance\" \/>\n<meta property=\"og:description\" content=\"L&#039;\u00e9pargne et l&#039;investissement sont deux pratiques financi\u00e8res cruciales qui permettent de r\u00e9aliser divers objectifs financiers \u00e0 long terme.\" \/>\n<meta property=\"og:url\" content=\"https:\/\/abcinsurance.be\/?page_id=1559\" \/>\n<meta property=\"og:site_name\" content=\"ABC Insurance\" \/>\n<meta property=\"article:publisher\" content=\"https:\/\/www.facebook.com\/ABC-Insurance-295909420597378\" \/>\n<meta property=\"article:modified_time\" content=\"2024-02-19T13:40:18+00:00\" \/>\n<meta name=\"twitter:card\" content=\"summary_large_image\" \/>\n<meta name=\"twitter:site\" content=\"@ABCWEMMEL\" \/>\n<meta name=\"twitter:label1\" content=\"Dur\u00e9e de lecture estim\u00e9e\" \/>\n\t<meta name=\"twitter:data1\" content=\"1 minute\" \/>\n<script type=\"application\/ld+json\" class=\"yoast-schema-graph\">{\"@context\":\"https:\/\/schema.org\",\"@graph\":[{\"@type\":\"WebPage\",\"@id\":\"https:\/\/abcinsurance.be\/?page_id=1559\",\"url\":\"https:\/\/abcinsurance.be\/?page_id=1559\",\"name\":\"Epargne et investissements - ABC Insurance\",\"isPartOf\":{\"@id\":\"https:\/\/abcinsurance.be\/#website\"},\"datePublished\":\"2019-06-16T00:14:52+00:00\",\"dateModified\":\"2024-02-19T13:40:18+00:00\",\"description\":\"L'\u00e9pargne et l'investissement sont deux pratiques financi\u00e8res cruciales qui permettent de r\u00e9aliser divers objectifs financiers \u00e0 long terme.\",\"breadcrumb\":{\"@id\":\"https:\/\/abcinsurance.be\/?page_id=1559#breadcrumb\"},\"inLanguage\":\"fr-FR\",\"potentialAction\":[{\"@type\":\"ReadAction\",\"target\":[\"https:\/\/abcinsurance.be\/?page_id=1559\"]}]},{\"@type\":\"BreadcrumbList\",\"@id\":\"https:\/\/abcinsurance.be\/?page_id=1559#breadcrumb\",\"itemListElement\":[{\"@type\":\"ListItem\",\"position\":1,\"name\":\"Accueil\",\"item\":\"https:\/\/abcinsurance.be\/\"},{\"@type\":\"ListItem\",\"position\":2,\"name\":\"Epargne et investissements\"}]},{\"@type\":\"WebSite\",\"@id\":\"https:\/\/abcinsurance.be\/#website\",\"url\":\"https:\/\/abcinsurance.be\/\",\"name\":\"ABC Insurance\",\"description\":\"Etre votre r\u00e9f\u00e9rence en assurances sera notre r\u00e9compence\",\"potentialAction\":[{\"@type\":\"SearchAction\",\"target\":{\"@type\":\"EntryPoint\",\"urlTemplate\":\"https:\/\/abcinsurance.be\/?s={search_term_string}\"},\"query-input\":\"required name=search_term_string\"}],\"inLanguage\":\"fr-FR\"}]}<\/script>\n<!-- \/ Yoast SEO plugin. -->","yoast_head_json":{"title":"Epargne et investissements - ABC Insurance","description":"L'\u00e9pargne et l'investissement sont deux pratiques financi\u00e8res cruciales qui permettent de r\u00e9aliser divers objectifs financiers \u00e0 long terme.","robots":{"index":"noindex","follow":"follow","max-snippet":"max-snippet:-1","max-image-preview":"max-image-preview:large","max-video-preview":"max-video-preview:-1"},"og_locale":"fr_FR","og_type":"article","og_title":"Epargne et investissements - ABC Insurance","og_description":"L'\u00e9pargne et l'investissement sont deux pratiques financi\u00e8res cruciales qui permettent de r\u00e9aliser divers objectifs financiers \u00e0 long terme.","og_url":"https:\/\/abcinsurance.be\/?page_id=1559","og_site_name":"ABC Insurance","article_publisher":"https:\/\/www.facebook.com\/ABC-Insurance-295909420597378","article_modified_time":"2024-02-19T13:40:18+00:00","twitter_card":"summary_large_image","twitter_site":"@ABCWEMMEL","twitter_misc":{"Dur\u00e9e de lecture estim\u00e9e":"1 minute"},"schema":{"@context":"https:\/\/schema.org","@graph":[{"@type":"WebPage","@id":"https:\/\/abcinsurance.be\/?page_id=1559","url":"https:\/\/abcinsurance.be\/?page_id=1559","name":"Epargne et investissements - ABC Insurance","isPartOf":{"@id":"https:\/\/abcinsurance.be\/#website"},"datePublished":"2019-06-16T00:14:52+00:00","dateModified":"2024-02-19T13:40:18+00:00","description":"L'\u00e9pargne et l'investissement sont deux pratiques financi\u00e8res cruciales qui permettent de r\u00e9aliser divers objectifs financiers \u00e0 long terme.","breadcrumb":{"@id":"https:\/\/abcinsurance.be\/?page_id=1559#breadcrumb"},"inLanguage":"fr-FR","potentialAction":[{"@type":"ReadAction","target":["https:\/\/abcinsurance.be\/?page_id=1559"]}]},{"@type":"BreadcrumbList","@id":"https:\/\/abcinsurance.be\/?page_id=1559#breadcrumb","itemListElement":[{"@type":"ListItem","position":1,"name":"Accueil","item":"https:\/\/abcinsurance.be\/"},{"@type":"ListItem","position":2,"name":"Epargne et investissements"}]},{"@type":"WebSite","@id":"https:\/\/abcinsurance.be\/#website","url":"https:\/\/abcinsurance.be\/","name":"ABC Insurance","description":"Etre votre r\u00e9f\u00e9rence en assurances sera notre r\u00e9compence","potentialAction":[{"@type":"SearchAction","target":{"@type":"EntryPoint","urlTemplate":"https:\/\/abcinsurance.be\/?s={search_term_string}"},"query-input":"required name=search_term_string"}],"inLanguage":"fr-FR"}]}},"jetpack_sharing_enabled":true,"_links":{"self":[{"href":"https:\/\/abcinsurance.be\/index.php?rest_route=\/wp\/v2\/pages\/1559"}],"collection":[{"href":"https:\/\/abcinsurance.be\/index.php?rest_route=\/wp\/v2\/pages"}],"about":[{"href":"https:\/\/abcinsurance.be\/index.php?rest_route=\/wp\/v2\/types\/page"}],"author":[{"embeddable":true,"href":"https:\/\/abcinsurance.be\/index.php?rest_route=\/wp\/v2\/users\/1"}],"replies":[{"embeddable":true,"href":"https:\/\/abcinsurance.be\/index.php?rest_route=%2Fwp%2Fv2%2Fcomments&post=1559"}],"version-history":[{"count":5,"href":"https:\/\/abcinsurance.be\/index.php?rest_route=\/wp\/v2\/pages\/1559\/revisions"}],"predecessor-version":[{"id":2452,"href":"https:\/\/abcinsurance.be\/index.php?rest_route=\/wp\/v2\/pages\/1559\/revisions\/2452"}],"wp:attachment":[{"href":"https:\/\/abcinsurance.be\/index.php?rest_route=%2Fwp%2Fv2%2Fmedia&parent=1559"}],"curies":[{"name":"wp","href":"https:\/\/api.w.org\/{rel}","templated":true}]}}