{"id":1570,"date":"2019-06-16T02:30:24","date_gmt":"2019-06-16T00:30:24","guid":{"rendered":"https:\/\/abcinsurance.be\/?page_id=1570"},"modified":"2024-02-18T16:55:39","modified_gmt":"2024-02-18T15:55:39","slug":"assurance-pension","status":"publish","type":"page","link":"https:\/\/abcinsurance.be\/?page_id=1570","title":{"rendered":"Assurance pension"},"content":{"rendered":"<h4>Souscrire une assurance pension est important pour plusieurs raisons, en particulier pour assurer une s\u00e9curit\u00e9 financi\u00e8re et un niveau de vie ad\u00e9quat \u00e0 la retraite.<\/h4>\n<h4>Demandez nous la meilleure offre adapt\u00e9e \u00e0 votre profil en remplissant le formulaire ci-dessous. Nous vous recontacterons dans les plus brefs d\u00e9lais.<\/h4>\n<hr \/>\n<div class=\"wpforms-container wpforms-container-full\" id=\"wpforms-1569\"><form id=\"wpforms-form-1569\" class=\"wpforms-validate wpforms-form\" data-formid=\"1569\" method=\"post\" enctype=\"multipart\/form-data\" action=\"\/index.php?rest_route=%2Fwp%2Fv2%2Fpages%2F1570\" data-token=\"4f8d65ec349ebc48b0e403206fcac5d6\" data-token-time=\"1777024869\"><noscript class=\"wpforms-error-noscript\">Veuillez activer JavaScript dans votre navigateur pour remplir ce formulaire.<\/noscript><div class=\"wpforms-field-container\"><div id=\"wpforms-1569-field_6-container\" class=\"wpforms-field wpforms-field-radio\" data-field-id=\"6\"><label class=\"wpforms-field-label\">Sexe <span class=\"wpforms-required-label\">*<\/span><\/label><ul id=\"wpforms-1569-field_6\" class=\"wpforms-field-required\"><li class=\"choice-1 depth-1\"><input type=\"radio\" id=\"wpforms-1569-field_6_1\" name=\"wpforms[fields][6]\" value=\"Homme\" required ><label class=\"wpforms-field-label-inline\" for=\"wpforms-1569-field_6_1\">Homme<\/label><\/li><li class=\"choice-2 depth-1\"><input type=\"radio\" id=\"wpforms-1569-field_6_2\" name=\"wpforms[fields][6]\" value=\"Femme\" required ><label class=\"wpforms-field-label-inline\" for=\"wpforms-1569-field_6_2\">Femme<\/label><\/li><\/ul><\/div><div id=\"wpforms-1569-field_4-container\" class=\"wpforms-field wpforms-field-name\" data-field-id=\"4\"><label class=\"wpforms-field-label\">Nom <span class=\"wpforms-required-label\">*<\/span><\/label><div class=\"wpforms-field-row wpforms-field-medium\"><div class=\"wpforms-field-row-block wpforms-first wpforms-one-half\"><input type=\"text\" id=\"wpforms-1569-field_4\" class=\"wpforms-field-name-first wpforms-field-required\" name=\"wpforms[fields][4][first]\" required><label for=\"wpforms-1569-field_4\" class=\"wpforms-field-sublabel after\">Pr\u00e9nom<\/label><\/div><div class=\"wpforms-field-row-block wpforms-one-half\"><input type=\"text\" id=\"wpforms-1569-field_4-last\" class=\"wpforms-field-name-last wpforms-field-required\" name=\"wpforms[fields][4][last]\" required><label for=\"wpforms-1569-field_4-last\" class=\"wpforms-field-sublabel after\">Nom<\/label><\/div><\/div><\/div><div id=\"wpforms-1569-field_7-container\" class=\"wpforms-field wpforms-field-text\" data-field-id=\"7\"><label class=\"wpforms-field-label\" for=\"wpforms-1569-field_7\">Date de naissance <span class=\"wpforms-required-label\">*<\/span><\/label><input type=\"text\" id=\"wpforms-1569-field_7\" class=\"wpforms-field-small wpforms-field-required\" name=\"wpforms[fields][7]\" placeholder=\"(JJ\/MM\/AA)\" required><\/div><div id=\"wpforms-1569-field_8-container\" class=\"wpforms-field wpforms-field-text\" data-field-id=\"8\"><label class=\"wpforms-field-label\" for=\"wpforms-1569-field_8\">Adresse <span class=\"wpforms-required-label\">*<\/span><\/label><input type=\"text\" id=\"wpforms-1569-field_8\" class=\"wpforms-field-large wpforms-field-required\" name=\"wpforms[fields][8]\" required><\/div><div id=\"wpforms-1569-field_2-container\" class=\"wpforms-field wpforms-field-text\" data-field-id=\"2\"><label class=\"wpforms-field-label\" for=\"wpforms-1569-field_2\">Num\u00e9ro de t\u00e9l\u00e9phone <span class=\"wpforms-required-label\">*<\/span><\/label><input type=\"text\" id=\"wpforms-1569-field_2\" class=\"wpforms-field-medium wpforms-field-required\" name=\"wpforms[fields][2]\" required><\/div><div id=\"wpforms-1569-field_5-container\" class=\"wpforms-field wpforms-field-email\" data-field-id=\"5\"><label class=\"wpforms-field-label\" for=\"wpforms-1569-field_5\">E-mail <span class=\"wpforms-required-label\">*<\/span><\/label><input type=\"email\" id=\"wpforms-1569-field_5\" class=\"wpforms-field-medium wpforms-field-required\" name=\"wpforms[fields][5]\" spellcheck=\"false\" required><\/div><div id=\"wpforms-1569-field_9-container\" class=\"wpforms-field wpforms-field-text\" data-field-id=\"9\"><label class=\"wpforms-field-label\" for=\"wpforms-1569-field_9\">Profession <span class=\"wpforms-required-label\">*<\/span><\/label><input type=\"text\" id=\"wpforms-1569-field_9\" class=\"wpforms-field-medium wpforms-field-required\" name=\"wpforms[fields][9]\" required><\/div><div id=\"wpforms-1569-field_10-container\" class=\"wpforms-field wpforms-field-text\" data-field-id=\"10\"><label class=\"wpforms-field-label\" for=\"wpforms-1569-field_10\">Statut social <span class=\"wpforms-required-label\">*<\/span><\/label><input type=\"text\" id=\"wpforms-1569-field_10\" class=\"wpforms-field-medium wpforms-field-required\" name=\"wpforms[fields][10]\" required><\/div><\/div><!-- .wpforms-field-container --><div class=\"wpforms-field wpforms-field-hp\"><label for=\"wpforms-1569-field-hp\" class=\"wpforms-field-label\">Comment<\/label><input type=\"text\" name=\"wpforms[hp]\" id=\"wpforms-1569-field-hp\" class=\"wpforms-field-medium\"><\/div><div class=\"wpforms-submit-container\" ><input type=\"hidden\" name=\"wpforms[id]\" value=\"1569\"><input type=\"hidden\" name=\"page_title\" value=\"\"><input type=\"hidden\" name=\"page_url\" value=\"https:\/\/abcinsurance.be\/index.php?rest_route=\/wp\/v2\/pages\/1570\"><button type=\"submit\" name=\"wpforms[submit]\" id=\"wpforms-submit-1569\" class=\"wpforms-submit\" data-alt-text=\"Envoi...\" data-submit-text=\"Envoyer\" aria-live=\"assertive\" value=\"wpforms-submit\">Envoyer<\/button><\/div><\/form><\/div>  <!-- .wpforms-container -->\n","protected":false},"excerpt":{"rendered":"<p>Souscrire une assurance pension est important pour plusieurs raisons, en particulier pour assurer une s\u00e9curit\u00e9 financi\u00e8re et un niveau de vie ad\u00e9quat \u00e0 la retraite. Demandez nous la meilleure offre adapt\u00e9e \u00e0 votre profil en remplissant le formulaire ci-dessous. Nous vous recontacterons dans les plus brefs d\u00e9lais.<\/p>\n","protected":false},"author":1,"featured_media":0,"parent":0,"menu_order":0,"comment_status":"closed","ping_status":"closed","template":"template-content-with-sidebar.php","meta":{"footnotes":""},"yoast_head":"<!-- This site is optimized with the Yoast SEO plugin v22.9 - https:\/\/yoast.com\/wordpress\/plugins\/seo\/ -->\n<title>Assurance pension - ABC Insurance<\/title>\n<meta name=\"robots\" content=\"noindex, follow, max-snippet:-1, max-image-preview:large, max-video-preview:-1\" \/>\n<meta property=\"og:locale\" content=\"fr_FR\" \/>\n<meta property=\"og:type\" content=\"article\" \/>\n<meta property=\"og:title\" content=\"Assurance pension - ABC Insurance\" \/>\n<meta property=\"og:description\" content=\"Souscrire une assurance pension est important pour plusieurs raisons, en particulier pour assurer une s\u00e9curit\u00e9 financi\u00e8re et un niveau de vie ad\u00e9quat \u00e0 la retraite. Demandez nous la meilleure offre adapt\u00e9e \u00e0 votre profil en remplissant le formulaire ci-dessous. Nous vous recontacterons dans les plus brefs d\u00e9lais.\" \/>\n<meta property=\"og:url\" content=\"https:\/\/abcinsurance.be\/?page_id=1570\" \/>\n<meta property=\"og:site_name\" content=\"ABC Insurance\" \/>\n<meta property=\"article:publisher\" content=\"https:\/\/www.facebook.com\/ABC-Insurance-295909420597378\" \/>\n<meta property=\"article:modified_time\" content=\"2024-02-18T15:55:39+00:00\" \/>\n<meta name=\"twitter:card\" content=\"summary_large_image\" \/>\n<meta name=\"twitter:site\" content=\"@ABCWEMMEL\" \/>\n<meta name=\"twitter:label1\" content=\"Dur\u00e9e de lecture estim\u00e9e\" \/>\n\t<meta name=\"twitter:data1\" content=\"1 minute\" \/>\n<script type=\"application\/ld+json\" class=\"yoast-schema-graph\">{\"@context\":\"https:\/\/schema.org\",\"@graph\":[{\"@type\":\"WebPage\",\"@id\":\"https:\/\/abcinsurance.be\/?page_id=1570\",\"url\":\"https:\/\/abcinsurance.be\/?page_id=1570\",\"name\":\"Assurance pension - ABC Insurance\",\"isPartOf\":{\"@id\":\"https:\/\/abcinsurance.be\/#website\"},\"datePublished\":\"2019-06-16T00:30:24+00:00\",\"dateModified\":\"2024-02-18T15:55:39+00:00\",\"breadcrumb\":{\"@id\":\"https:\/\/abcinsurance.be\/?page_id=1570#breadcrumb\"},\"inLanguage\":\"fr-FR\",\"potentialAction\":[{\"@type\":\"ReadAction\",\"target\":[\"https:\/\/abcinsurance.be\/?page_id=1570\"]}]},{\"@type\":\"BreadcrumbList\",\"@id\":\"https:\/\/abcinsurance.be\/?page_id=1570#breadcrumb\",\"itemListElement\":[{\"@type\":\"ListItem\",\"position\":1,\"name\":\"Accueil\",\"item\":\"https:\/\/abcinsurance.be\/\"},{\"@type\":\"ListItem\",\"position\":2,\"name\":\"Assurance pension\"}]},{\"@type\":\"WebSite\",\"@id\":\"https:\/\/abcinsurance.be\/#website\",\"url\":\"https:\/\/abcinsurance.be\/\",\"name\":\"ABC Insurance\",\"description\":\"Etre votre r\u00e9f\u00e9rence en assurances sera notre r\u00e9compence\",\"potentialAction\":[{\"@type\":\"SearchAction\",\"target\":{\"@type\":\"EntryPoint\",\"urlTemplate\":\"https:\/\/abcinsurance.be\/?s={search_term_string}\"},\"query-input\":\"required name=search_term_string\"}],\"inLanguage\":\"fr-FR\"}]}<\/script>\n<!-- \/ Yoast SEO plugin. -->","yoast_head_json":{"title":"Assurance pension - ABC Insurance","robots":{"index":"noindex","follow":"follow","max-snippet":"max-snippet:-1","max-image-preview":"max-image-preview:large","max-video-preview":"max-video-preview:-1"},"og_locale":"fr_FR","og_type":"article","og_title":"Assurance pension - ABC Insurance","og_description":"Souscrire une assurance pension est important pour plusieurs raisons, en particulier pour assurer une s\u00e9curit\u00e9 financi\u00e8re et un niveau de vie ad\u00e9quat \u00e0 la retraite. Demandez nous la meilleure offre adapt\u00e9e \u00e0 votre profil en remplissant le formulaire ci-dessous. Nous vous recontacterons dans les plus brefs d\u00e9lais.","og_url":"https:\/\/abcinsurance.be\/?page_id=1570","og_site_name":"ABC Insurance","article_publisher":"https:\/\/www.facebook.com\/ABC-Insurance-295909420597378","article_modified_time":"2024-02-18T15:55:39+00:00","twitter_card":"summary_large_image","twitter_site":"@ABCWEMMEL","twitter_misc":{"Dur\u00e9e de lecture estim\u00e9e":"1 minute"},"schema":{"@context":"https:\/\/schema.org","@graph":[{"@type":"WebPage","@id":"https:\/\/abcinsurance.be\/?page_id=1570","url":"https:\/\/abcinsurance.be\/?page_id=1570","name":"Assurance pension - ABC Insurance","isPartOf":{"@id":"https:\/\/abcinsurance.be\/#website"},"datePublished":"2019-06-16T00:30:24+00:00","dateModified":"2024-02-18T15:55:39+00:00","breadcrumb":{"@id":"https:\/\/abcinsurance.be\/?page_id=1570#breadcrumb"},"inLanguage":"fr-FR","potentialAction":[{"@type":"ReadAction","target":["https:\/\/abcinsurance.be\/?page_id=1570"]}]},{"@type":"BreadcrumbList","@id":"https:\/\/abcinsurance.be\/?page_id=1570#breadcrumb","itemListElement":[{"@type":"ListItem","position":1,"name":"Accueil","item":"https:\/\/abcinsurance.be\/"},{"@type":"ListItem","position":2,"name":"Assurance pension"}]},{"@type":"WebSite","@id":"https:\/\/abcinsurance.be\/#website","url":"https:\/\/abcinsurance.be\/","name":"ABC Insurance","description":"Etre votre r\u00e9f\u00e9rence en assurances sera notre r\u00e9compence","potentialAction":[{"@type":"SearchAction","target":{"@type":"EntryPoint","urlTemplate":"https:\/\/abcinsurance.be\/?s={search_term_string}"},"query-input":"required name=search_term_string"}],"inLanguage":"fr-FR"}]}},"jetpack_sharing_enabled":true,"_links":{"self":[{"href":"https:\/\/abcinsurance.be\/index.php?rest_route=\/wp\/v2\/pages\/1570"}],"collection":[{"href":"https:\/\/abcinsurance.be\/index.php?rest_route=\/wp\/v2\/pages"}],"about":[{"href":"https:\/\/abcinsurance.be\/index.php?rest_route=\/wp\/v2\/types\/page"}],"author":[{"embeddable":true,"href":"https:\/\/abcinsurance.be\/index.php?rest_route=\/wp\/v2\/users\/1"}],"replies":[{"embeddable":true,"href":"https:\/\/abcinsurance.be\/index.php?rest_route=%2Fwp%2Fv2%2Fcomments&post=1570"}],"version-history":[{"count":4,"href":"https:\/\/abcinsurance.be\/index.php?rest_route=\/wp\/v2\/pages\/1570\/revisions"}],"predecessor-version":[{"id":2392,"href":"https:\/\/abcinsurance.be\/index.php?rest_route=\/wp\/v2\/pages\/1570\/revisions\/2392"}],"wp:attachment":[{"href":"https:\/\/abcinsurance.be\/index.php?rest_route=%2Fwp%2Fv2%2Fmedia&parent=1570"}],"curies":[{"name":"wp","href":"https:\/\/api.w.org\/{rel}","templated":true}]}}