{"id":1605,"date":"2019-06-16T13:48:09","date_gmt":"2019-06-16T11:48:09","guid":{"rendered":"https:\/\/abcinsurance.be\/?page_id=1605"},"modified":"2024-02-18T16:56:45","modified_gmt":"2024-02-18T15:56:45","slug":"assurance-personnes","status":"publish","type":"page","link":"https:\/\/abcinsurance.be\/?page_id=1605","title":{"rendered":"Assurance personnes"},"content":{"rendered":"<h4>La souscription d&rsquo;une assurance pour les entreprises et les personnes associ\u00e9es est essentielle pour plusieurs raisons. Ces assurances offrent une protection financi\u00e8re contre divers risques et \u00e9v\u00e9nements impr\u00e9vus qui pourraient avoir des cons\u00e9quences n\u00e9fastes sur l&rsquo;entreprise et les individus impliqu\u00e9s.<\/h4>\n<h4>Demandez nous la meilleure offre en remplissant le formulaire ci-dessous. Nous vous recontacterons dans les plus brefs d\u00e9lais.<\/h4>\n<hr \/>\n<h4><div class=\"wpforms-container wpforms-container-full\" id=\"wpforms-1604\"><form id=\"wpforms-form-1604\" class=\"wpforms-validate wpforms-form\" data-formid=\"1604\" method=\"post\" enctype=\"multipart\/form-data\" action=\"\/index.php?rest_route=%2Fwp%2Fv2%2Fpages%2F1605\" data-token=\"2985c1c1cad40f620313242cc309c7af\" data-token-time=\"1775683036\"><noscript class=\"wpforms-error-noscript\">Veuillez activer JavaScript dans votre navigateur pour remplir ce formulaire.<\/noscript><div class=\"wpforms-field-container\"><div id=\"wpforms-1604-field_6-container\" class=\"wpforms-field wpforms-field-radio\" data-field-id=\"6\"><label class=\"wpforms-field-label\">Type d&#039;assurance <span class=\"wpforms-required-label\">*<\/span><\/label><ul id=\"wpforms-1604-field_6\" class=\"wpforms-field-required\"><li class=\"choice-1 depth-1\"><input type=\"radio\" id=\"wpforms-1604-field_6_1\" name=\"wpforms[fields][6]\" value=\"Accidents de travail\" required ><label class=\"wpforms-field-label-inline\" for=\"wpforms-1604-field_6_1\">Accidents de travail<\/label><\/li><li class=\"choice-2 depth-1\"><input type=\"radio\" id=\"wpforms-1604-field_6_2\" name=\"wpforms[fields][6]\" value=\"Accidents personnels\" required ><label class=\"wpforms-field-label-inline\" for=\"wpforms-1604-field_6_2\">Accidents personnels<\/label><\/li><li class=\"choice-3 depth-1\"><input type=\"radio\" id=\"wpforms-1604-field_6_3\" name=\"wpforms[fields][6]\" value=\"Accidents 24\/24\" required ><label class=\"wpforms-field-label-inline\" for=\"wpforms-1604-field_6_3\">Accidents 24\/24<\/label><\/li><li class=\"choice-4 depth-1\"><input type=\"radio\" id=\"wpforms-1604-field_6_4\" name=\"wpforms[fields][6]\" value=\"Hospitalisation\" required ><label class=\"wpforms-field-label-inline\" for=\"wpforms-1604-field_6_4\">Hospitalisation<\/label><\/li><li class=\"choice-6 depth-1\"><input type=\"radio\" id=\"wpforms-1604-field_6_6\" name=\"wpforms[fields][6]\" value=\"Assistance\" required ><label class=\"wpforms-field-label-inline\" for=\"wpforms-1604-field_6_6\">Assistance<\/label><\/li><li class=\"choice-5 depth-1\"><input type=\"radio\" id=\"wpforms-1604-field_6_5\" name=\"wpforms[fields][6]\" value=\"Revenus garantis\" required ><label class=\"wpforms-field-label-inline\" for=\"wpforms-1604-field_6_5\">Revenus garantis<\/label><\/li><\/ul><\/div><div id=\"wpforms-1604-field_4-container\" class=\"wpforms-field wpforms-field-name\" data-field-id=\"4\"><label class=\"wpforms-field-label\">Nom <span class=\"wpforms-required-label\">*<\/span><\/label><div class=\"wpforms-field-row wpforms-field-medium\"><div class=\"wpforms-field-row-block wpforms-first wpforms-one-half\"><input type=\"text\" id=\"wpforms-1604-field_4\" class=\"wpforms-field-name-first wpforms-field-required\" name=\"wpforms[fields][4][first]\" required><label for=\"wpforms-1604-field_4\" class=\"wpforms-field-sublabel after\">Pr\u00e9nom<\/label><\/div><div class=\"wpforms-field-row-block wpforms-one-half\"><input type=\"text\" id=\"wpforms-1604-field_4-last\" class=\"wpforms-field-name-last wpforms-field-required\" name=\"wpforms[fields][4][last]\" required><label for=\"wpforms-1604-field_4-last\" class=\"wpforms-field-sublabel after\">Nom<\/label><\/div><\/div><\/div><div id=\"wpforms-1604-field_7-container\" class=\"wpforms-field wpforms-field-text\" data-field-id=\"7\"><label class=\"wpforms-field-label\" for=\"wpforms-1604-field_7\">Adresse <span class=\"wpforms-required-label\">*<\/span><\/label><input type=\"text\" id=\"wpforms-1604-field_7\" class=\"wpforms-field-large wpforms-field-required\" name=\"wpforms[fields][7]\" required><\/div><div id=\"wpforms-1604-field_5-container\" class=\"wpforms-field wpforms-field-email\" data-field-id=\"5\"><label class=\"wpforms-field-label\" for=\"wpforms-1604-field_5\">E-mail <span class=\"wpforms-required-label\">*<\/span><\/label><input type=\"email\" id=\"wpforms-1604-field_5\" class=\"wpforms-field-medium wpforms-field-required\" name=\"wpforms[fields][5]\" spellcheck=\"false\" required><\/div><div id=\"wpforms-1604-field_2-container\" class=\"wpforms-field wpforms-field-text\" data-field-id=\"2\"><label class=\"wpforms-field-label\" for=\"wpforms-1604-field_2\">Num\u00e9ro de t\u00e9l\u00e9phone <span class=\"wpforms-required-label\">*<\/span><\/label><input type=\"text\" id=\"wpforms-1604-field_2\" class=\"wpforms-field-medium wpforms-field-required\" name=\"wpforms[fields][2]\" required><\/div><\/div><!-- .wpforms-field-container --><div class=\"wpforms-field wpforms-field-hp\"><label for=\"wpforms-1604-field-hp\" class=\"wpforms-field-label\">Email<\/label><input type=\"text\" name=\"wpforms[hp]\" id=\"wpforms-1604-field-hp\" class=\"wpforms-field-medium\"><\/div><div class=\"wpforms-submit-container\" ><input type=\"hidden\" name=\"wpforms[id]\" value=\"1604\"><input type=\"hidden\" name=\"page_title\" value=\"\"><input type=\"hidden\" name=\"page_url\" value=\"https:\/\/abcinsurance.be\/index.php?rest_route=\/wp\/v2\/pages\/1605\"><button type=\"submit\" name=\"wpforms[submit]\" id=\"wpforms-submit-1604\" class=\"wpforms-submit\" data-alt-text=\"Envoi...\" data-submit-text=\"Envoyer\" aria-live=\"assertive\" value=\"wpforms-submit\">Envoyer<\/button><\/div><\/form><\/div>  <!-- .wpforms-container --><\/h4>\n<hr \/>\n","protected":false},"excerpt":{"rendered":"<p>La souscription d&rsquo;une assurance pour les entreprises et les personnes associ\u00e9es est essentielle pour plusieurs raisons. Ces assurances offrent une protection financi\u00e8re contre divers risques et \u00e9v\u00e9nements impr\u00e9vus qui pourraient avoir des cons\u00e9quences n\u00e9fastes sur l&rsquo;entreprise et les individus impliqu\u00e9s. Demandez nous la meilleure offre en remplissant le formulaire ci-dessous. Nous vous recontacterons dans les [&hellip;]<\/p>\n","protected":false},"author":1,"featured_media":0,"parent":0,"menu_order":0,"comment_status":"closed","ping_status":"closed","template":"template-content-with-sidebar.php","meta":{"footnotes":""},"yoast_head":"<!-- This site is optimized with the Yoast SEO plugin v22.9 - https:\/\/yoast.com\/wordpress\/plugins\/seo\/ -->\n<title>Assurance personnes - ABC Insurance<\/title>\n<meta name=\"robots\" content=\"noindex, follow, max-snippet:-1, max-image-preview:large, max-video-preview:-1\" \/>\n<meta property=\"og:locale\" content=\"fr_FR\" \/>\n<meta property=\"og:type\" content=\"article\" \/>\n<meta property=\"og:title\" content=\"Assurance personnes - ABC Insurance\" \/>\n<meta property=\"og:description\" content=\"La souscription d&rsquo;une assurance pour les entreprises et les personnes associ\u00e9es est essentielle pour plusieurs raisons. Ces assurances offrent une protection financi\u00e8re contre divers risques et \u00e9v\u00e9nements impr\u00e9vus qui pourraient avoir des cons\u00e9quences n\u00e9fastes sur l&rsquo;entreprise et les individus impliqu\u00e9s. Demandez nous la meilleure offre en remplissant le formulaire ci-dessous. Nous vous recontacterons dans les [&hellip;]\" \/>\n<meta property=\"og:url\" content=\"https:\/\/abcinsurance.be\/?page_id=1605\" \/>\n<meta property=\"og:site_name\" content=\"ABC Insurance\" \/>\n<meta property=\"article:publisher\" content=\"https:\/\/www.facebook.com\/ABC-Insurance-295909420597378\" \/>\n<meta property=\"article:modified_time\" content=\"2024-02-18T15:56:45+00:00\" \/>\n<meta name=\"twitter:card\" content=\"summary_large_image\" \/>\n<meta name=\"twitter:site\" content=\"@ABCWEMMEL\" \/>\n<meta name=\"twitter:label1\" content=\"Dur\u00e9e de lecture estim\u00e9e\" \/>\n\t<meta name=\"twitter:data1\" content=\"1 minute\" \/>\n<script type=\"application\/ld+json\" class=\"yoast-schema-graph\">{\"@context\":\"https:\/\/schema.org\",\"@graph\":[{\"@type\":\"WebPage\",\"@id\":\"https:\/\/abcinsurance.be\/?page_id=1605\",\"url\":\"https:\/\/abcinsurance.be\/?page_id=1605\",\"name\":\"Assurance personnes - ABC Insurance\",\"isPartOf\":{\"@id\":\"https:\/\/abcinsurance.be\/#website\"},\"datePublished\":\"2019-06-16T11:48:09+00:00\",\"dateModified\":\"2024-02-18T15:56:45+00:00\",\"breadcrumb\":{\"@id\":\"https:\/\/abcinsurance.be\/?page_id=1605#breadcrumb\"},\"inLanguage\":\"fr-FR\",\"potentialAction\":[{\"@type\":\"ReadAction\",\"target\":[\"https:\/\/abcinsurance.be\/?page_id=1605\"]}]},{\"@type\":\"BreadcrumbList\",\"@id\":\"https:\/\/abcinsurance.be\/?page_id=1605#breadcrumb\",\"itemListElement\":[{\"@type\":\"ListItem\",\"position\":1,\"name\":\"Accueil\",\"item\":\"https:\/\/abcinsurance.be\/\"},{\"@type\":\"ListItem\",\"position\":2,\"name\":\"Assurance personnes\"}]},{\"@type\":\"WebSite\",\"@id\":\"https:\/\/abcinsurance.be\/#website\",\"url\":\"https:\/\/abcinsurance.be\/\",\"name\":\"ABC Insurance\",\"description\":\"Etre votre r\u00e9f\u00e9rence en assurances sera notre r\u00e9compence\",\"potentialAction\":[{\"@type\":\"SearchAction\",\"target\":{\"@type\":\"EntryPoint\",\"urlTemplate\":\"https:\/\/abcinsurance.be\/?s={search_term_string}\"},\"query-input\":\"required name=search_term_string\"}],\"inLanguage\":\"fr-FR\"}]}<\/script>\n<!-- \/ Yoast SEO plugin. -->","yoast_head_json":{"title":"Assurance personnes - ABC Insurance","robots":{"index":"noindex","follow":"follow","max-snippet":"max-snippet:-1","max-image-preview":"max-image-preview:large","max-video-preview":"max-video-preview:-1"},"og_locale":"fr_FR","og_type":"article","og_title":"Assurance personnes - ABC Insurance","og_description":"La souscription d&rsquo;une assurance pour les entreprises et les personnes associ\u00e9es est essentielle pour plusieurs raisons. Ces assurances offrent une protection financi\u00e8re contre divers risques et \u00e9v\u00e9nements impr\u00e9vus qui pourraient avoir des cons\u00e9quences n\u00e9fastes sur l&rsquo;entreprise et les individus impliqu\u00e9s. Demandez nous la meilleure offre en remplissant le formulaire ci-dessous. Nous vous recontacterons dans les [&hellip;]","og_url":"https:\/\/abcinsurance.be\/?page_id=1605","og_site_name":"ABC Insurance","article_publisher":"https:\/\/www.facebook.com\/ABC-Insurance-295909420597378","article_modified_time":"2024-02-18T15:56:45+00:00","twitter_card":"summary_large_image","twitter_site":"@ABCWEMMEL","twitter_misc":{"Dur\u00e9e de lecture estim\u00e9e":"1 minute"},"schema":{"@context":"https:\/\/schema.org","@graph":[{"@type":"WebPage","@id":"https:\/\/abcinsurance.be\/?page_id=1605","url":"https:\/\/abcinsurance.be\/?page_id=1605","name":"Assurance personnes - ABC Insurance","isPartOf":{"@id":"https:\/\/abcinsurance.be\/#website"},"datePublished":"2019-06-16T11:48:09+00:00","dateModified":"2024-02-18T15:56:45+00:00","breadcrumb":{"@id":"https:\/\/abcinsurance.be\/?page_id=1605#breadcrumb"},"inLanguage":"fr-FR","potentialAction":[{"@type":"ReadAction","target":["https:\/\/abcinsurance.be\/?page_id=1605"]}]},{"@type":"BreadcrumbList","@id":"https:\/\/abcinsurance.be\/?page_id=1605#breadcrumb","itemListElement":[{"@type":"ListItem","position":1,"name":"Accueil","item":"https:\/\/abcinsurance.be\/"},{"@type":"ListItem","position":2,"name":"Assurance personnes"}]},{"@type":"WebSite","@id":"https:\/\/abcinsurance.be\/#website","url":"https:\/\/abcinsurance.be\/","name":"ABC Insurance","description":"Etre votre r\u00e9f\u00e9rence en assurances sera notre r\u00e9compence","potentialAction":[{"@type":"SearchAction","target":{"@type":"EntryPoint","urlTemplate":"https:\/\/abcinsurance.be\/?s={search_term_string}"},"query-input":"required name=search_term_string"}],"inLanguage":"fr-FR"}]}},"jetpack_sharing_enabled":true,"_links":{"self":[{"href":"https:\/\/abcinsurance.be\/index.php?rest_route=\/wp\/v2\/pages\/1605"}],"collection":[{"href":"https:\/\/abcinsurance.be\/index.php?rest_route=\/wp\/v2\/pages"}],"about":[{"href":"https:\/\/abcinsurance.be\/index.php?rest_route=\/wp\/v2\/types\/page"}],"author":[{"embeddable":true,"href":"https:\/\/abcinsurance.be\/index.php?rest_route=\/wp\/v2\/users\/1"}],"replies":[{"embeddable":true,"href":"https:\/\/abcinsurance.be\/index.php?rest_route=%2Fwp%2Fv2%2Fcomments&post=1605"}],"version-history":[{"count":4,"href":"https:\/\/abcinsurance.be\/index.php?rest_route=\/wp\/v2\/pages\/1605\/revisions"}],"predecessor-version":[{"id":2394,"href":"https:\/\/abcinsurance.be\/index.php?rest_route=\/wp\/v2\/pages\/1605\/revisions\/2394"}],"wp:attachment":[{"href":"https:\/\/abcinsurance.be\/index.php?rest_route=%2Fwp%2Fv2%2Fmedia&parent=1605"}],"curies":[{"name":"wp","href":"https:\/\/api.w.org\/{rel}","templated":true}]}}