{"id":1624,"date":"2019-06-16T14:28:24","date_gmt":"2019-06-16T12:28:24","guid":{"rendered":"https:\/\/abcinsurance.be\/?page_id=1624"},"modified":"2021-03-03T12:37:24","modified_gmt":"2021-03-03T11:37:24","slug":"vehicule","status":"publish","type":"page","link":"https:\/\/abcinsurance.be\/?page_id=1624","title":{"rendered":"V\u00e9hicule"},"content":{"rendered":"<h4>Demandez nous la meilleure offre adapt\u00e9e \u00e0 votre profil de conducteur en remplissant le formulaire ci-dessous. Nous vous recontacterons dans les plus brefs d\u00e9lais.<\/h4>\n<hr \/>\n<div class=\"wpforms-container wpforms-container-full\" id=\"wpforms-1623\"><form id=\"wpforms-form-1623\" class=\"wpforms-validate wpforms-form\" data-formid=\"1623\" method=\"post\" enctype=\"multipart\/form-data\" action=\"\/index.php?rest_route=%2Fwp%2Fv2%2Fpages%2F1624\" data-token=\"2a774656ae29e9cf134b341c7b9a7f97\" data-token-time=\"1776890855\"><noscript class=\"wpforms-error-noscript\">Veuillez activer JavaScript dans votre navigateur pour remplir ce formulaire.<\/noscript><div class=\"wpforms-field-container\"><div id=\"wpforms-1623-field_6-container\" class=\"wpforms-field wpforms-field-radio\" data-field-id=\"6\"><label class=\"wpforms-field-label\">Sexe <span class=\"wpforms-required-label\">*<\/span><\/label><ul id=\"wpforms-1623-field_6\" class=\"wpforms-field-required\"><li class=\"choice-1 depth-1\"><input type=\"radio\" id=\"wpforms-1623-field_6_1\" name=\"wpforms[fields][6]\" value=\"Homme\" required ><label class=\"wpforms-field-label-inline\" for=\"wpforms-1623-field_6_1\">Homme<\/label><\/li><li class=\"choice-2 depth-1\"><input type=\"radio\" id=\"wpforms-1623-field_6_2\" name=\"wpforms[fields][6]\" value=\"Femme\" required ><label class=\"wpforms-field-label-inline\" for=\"wpforms-1623-field_6_2\">Femme<\/label><\/li><\/ul><\/div><div id=\"wpforms-1623-field_4-container\" class=\"wpforms-field wpforms-field-name\" data-field-id=\"4\"><label class=\"wpforms-field-label\">Nom du conducteur <span class=\"wpforms-required-label\">*<\/span><\/label><div class=\"wpforms-field-row wpforms-field-medium\"><div class=\"wpforms-field-row-block wpforms-first wpforms-one-half\"><input type=\"text\" id=\"wpforms-1623-field_4\" class=\"wpforms-field-name-first wpforms-field-required\" name=\"wpforms[fields][4][first]\" required><label for=\"wpforms-1623-field_4\" class=\"wpforms-field-sublabel after\">Pr\u00e9nom<\/label><\/div><div class=\"wpforms-field-row-block wpforms-one-half\"><input type=\"text\" id=\"wpforms-1623-field_4-last\" class=\"wpforms-field-name-last wpforms-field-required\" name=\"wpforms[fields][4][last]\" required><label for=\"wpforms-1623-field_4-last\" class=\"wpforms-field-sublabel after\">Nom<\/label><\/div><\/div><\/div><div id=\"wpforms-1623-field_7-container\" class=\"wpforms-field wpforms-field-text\" data-field-id=\"7\"><label class=\"wpforms-field-label\" for=\"wpforms-1623-field_7\">Date de naissance <span class=\"wpforms-required-label\">*<\/span><\/label><input type=\"text\" id=\"wpforms-1623-field_7\" class=\"wpforms-field-medium wpforms-field-required\" name=\"wpforms[fields][7]\" required><\/div><div id=\"wpforms-1623-field_8-container\" class=\"wpforms-field wpforms-field-text\" data-field-id=\"8\"><label class=\"wpforms-field-label\" for=\"wpforms-1623-field_8\">Adresse <span class=\"wpforms-required-label\">*<\/span><\/label><input type=\"text\" id=\"wpforms-1623-field_8\" class=\"wpforms-field-large wpforms-field-required\" name=\"wpforms[fields][8]\" required><\/div><div id=\"wpforms-1623-field_9-container\" class=\"wpforms-field wpforms-field-text\" data-field-id=\"9\"><label class=\"wpforms-field-label\" for=\"wpforms-1623-field_9\">Profession <span class=\"wpforms-required-label\">*<\/span><\/label><input type=\"text\" id=\"wpforms-1623-field_9\" class=\"wpforms-field-medium wpforms-field-required\" name=\"wpforms[fields][9]\" required><\/div><div id=\"wpforms-1623-field_2-container\" class=\"wpforms-field wpforms-field-text\" data-field-id=\"2\"><label class=\"wpforms-field-label\" for=\"wpforms-1623-field_2\">Num\u00e9ro de t\u00e9l\u00e9phone <span class=\"wpforms-required-label\">*<\/span><\/label><input type=\"text\" id=\"wpforms-1623-field_2\" class=\"wpforms-field-medium wpforms-field-required\" name=\"wpforms[fields][2]\" required><\/div><div id=\"wpforms-1623-field_5-container\" class=\"wpforms-field wpforms-field-email\" data-field-id=\"5\"><label class=\"wpforms-field-label\" for=\"wpforms-1623-field_5\">E-mail <span class=\"wpforms-required-label\">*<\/span><\/label><input type=\"email\" id=\"wpforms-1623-field_5\" class=\"wpforms-field-medium wpforms-field-required\" name=\"wpforms[fields][5]\" spellcheck=\"false\" required><\/div><div id=\"wpforms-1623-field_11-container\" class=\"wpforms-field wpforms-field-radio\" data-field-id=\"11\"><label class=\"wpforms-field-label\">Avez-vous une attestation sinistre? <span class=\"wpforms-required-label\">*<\/span><\/label><ul id=\"wpforms-1623-field_11\" class=\"wpforms-field-required\"><li class=\"choice-1 depth-1\"><input type=\"radio\" id=\"wpforms-1623-field_11_1\" name=\"wpforms[fields][11]\" value=\"Oui\" required ><label class=\"wpforms-field-label-inline\" for=\"wpforms-1623-field_11_1\">Oui<\/label><\/li><li class=\"choice-2 depth-1\"><input type=\"radio\" id=\"wpforms-1623-field_11_2\" name=\"wpforms[fields][11]\" value=\"Non\" required ><label class=\"wpforms-field-label-inline\" for=\"wpforms-1623-field_11_2\">Non<\/label><\/li><\/ul><\/div><div id=\"wpforms-1623-field_12-container\" class=\"wpforms-field wpforms-field-text\" data-field-id=\"12\"><label class=\"wpforms-field-label\" for=\"wpforms-1623-field_12\">Num\u00e9ro de l&#039;ancienne compagnie <span class=\"wpforms-required-label\">*<\/span><\/label><input type=\"text\" id=\"wpforms-1623-field_12\" class=\"wpforms-field-medium wpforms-field-required\" name=\"wpforms[fields][12]\" required><\/div><div id=\"wpforms-1623-field_13-container\" class=\"wpforms-field wpforms-field-text\" data-field-id=\"13\"><label class=\"wpforms-field-label\" for=\"wpforms-1623-field_13\">Ann\u00e9e de construction du v\u00e9hicule <span class=\"wpforms-required-label\">*<\/span><\/label><input type=\"text\" id=\"wpforms-1623-field_13\" class=\"wpforms-field-small wpforms-field-required\" name=\"wpforms[fields][13]\" required><\/div><div id=\"wpforms-1623-field_14-container\" class=\"wpforms-field wpforms-field-text\" data-field-id=\"14\"><label class=\"wpforms-field-label\" for=\"wpforms-1623-field_14\">Carburant du v\u00e9hicule <span class=\"wpforms-required-label\">*<\/span><\/label><input type=\"text\" id=\"wpforms-1623-field_14\" class=\"wpforms-field-small wpforms-field-required\" name=\"wpforms[fields][14]\" required><\/div><div id=\"wpforms-1623-field_15-container\" class=\"wpforms-field wpforms-field-text\" data-field-id=\"15\"><label class=\"wpforms-field-label\" for=\"wpforms-1623-field_15\">Marque du v\u00e9hicule <span class=\"wpforms-required-label\">*<\/span><\/label><input type=\"text\" id=\"wpforms-1623-field_15\" class=\"wpforms-field-small wpforms-field-required\" name=\"wpforms[fields][15]\" required><\/div><div id=\"wpforms-1623-field_16-container\" class=\"wpforms-field wpforms-field-text\" data-field-id=\"16\"><label class=\"wpforms-field-label\" for=\"wpforms-1623-field_16\">Mod\u00e8le du v\u00e9hicule <span class=\"wpforms-required-label\">*<\/span><\/label><input type=\"text\" id=\"wpforms-1623-field_16\" class=\"wpforms-field-small wpforms-field-required\" name=\"wpforms[fields][16]\" required><\/div><div id=\"wpforms-1623-field_17-container\" class=\"wpforms-field wpforms-field-text\" data-field-id=\"17\"><label class=\"wpforms-field-label\" for=\"wpforms-1623-field_17\">Type du v\u00e9hicule <span class=\"wpforms-required-label\">*<\/span><\/label><input type=\"text\" id=\"wpforms-1623-field_17\" class=\"wpforms-field-small wpforms-field-required\" name=\"wpforms[fields][17]\" required><\/div><div id=\"wpforms-1623-field_18-container\" class=\"wpforms-field wpforms-field-text\" data-field-id=\"18\"><label class=\"wpforms-field-label\" for=\"wpforms-1623-field_18\">Estimation du nombre de km\/an <span class=\"wpforms-required-label\">*<\/span><\/label><input type=\"text\" id=\"wpforms-1623-field_18\" class=\"wpforms-field-small wpforms-field-required\" name=\"wpforms[fields][18]\" required><\/div><div id=\"wpforms-1623-field_20-container\" class=\"wpforms-field wpforms-field-radio\" data-field-id=\"20\"><label class=\"wpforms-field-label\">Usage de la voiture <span class=\"wpforms-required-label\">*<\/span><\/label><ul id=\"wpforms-1623-field_20\" class=\"wpforms-field-required\"><li class=\"choice-1 depth-1\"><input type=\"radio\" id=\"wpforms-1623-field_20_1\" name=\"wpforms[fields][20]\" value=\"professionnel\" required ><label class=\"wpforms-field-label-inline\" for=\"wpforms-1623-field_20_1\">professionnel<\/label><\/li><li class=\"choice-2 depth-1\"><input type=\"radio\" id=\"wpforms-1623-field_20_2\" name=\"wpforms[fields][20]\" value=\"particulier\" required ><label class=\"wpforms-field-label-inline\" for=\"wpforms-1623-field_20_2\">particulier<\/label><\/li><\/ul><\/div><\/div><!-- .wpforms-field-container --><div class=\"wpforms-field wpforms-field-hp\"><label for=\"wpforms-1623-field-hp\" class=\"wpforms-field-label\">Email<\/label><input type=\"text\" name=\"wpforms[hp]\" id=\"wpforms-1623-field-hp\" class=\"wpforms-field-medium\"><\/div><div class=\"wpforms-submit-container\" ><input type=\"hidden\" name=\"wpforms[id]\" value=\"1623\"><input type=\"hidden\" name=\"page_title\" value=\"\"><input type=\"hidden\" name=\"page_url\" value=\"https:\/\/abcinsurance.be\/index.php?rest_route=\/wp\/v2\/pages\/1624\"><button type=\"submit\" name=\"wpforms[submit]\" id=\"wpforms-submit-1623\" class=\"wpforms-submit\" data-alt-text=\"Envoi...\" data-submit-text=\"Envoyer\" aria-live=\"assertive\" value=\"wpforms-submit\">Envoyer<\/button><\/div><\/form><\/div>  <!-- .wpforms-container -->\n","protected":false},"excerpt":{"rendered":"<p>Demandez nous la meilleure offre adapt\u00e9e \u00e0 votre profil de conducteur en remplissant le formulaire ci-dessous. Nous vous recontacterons dans les plus brefs d\u00e9lais.<\/p>\n","protected":false},"author":1,"featured_media":0,"parent":0,"menu_order":0,"comment_status":"closed","ping_status":"closed","template":"template-content-with-sidebar.php","meta":{"footnotes":""},"yoast_head":"<!-- This site is optimized with the Yoast SEO plugin v22.9 - https:\/\/yoast.com\/wordpress\/plugins\/seo\/ -->\n<title>V\u00e9hicule - ABC Insurance<\/title>\n<meta name=\"robots\" content=\"noindex, follow, max-snippet:-1, max-image-preview:large, max-video-preview:-1\" \/>\n<meta property=\"og:locale\" content=\"fr_FR\" \/>\n<meta property=\"og:type\" content=\"article\" \/>\n<meta property=\"og:title\" content=\"V\u00e9hicule - ABC Insurance\" \/>\n<meta property=\"og:description\" content=\"Demandez nous la meilleure offre adapt\u00e9e \u00e0 votre profil de conducteur en remplissant le formulaire ci-dessous. Nous vous recontacterons dans les plus brefs d\u00e9lais.\" \/>\n<meta property=\"og:url\" content=\"https:\/\/abcinsurance.be\/?page_id=1624\" \/>\n<meta property=\"og:site_name\" content=\"ABC Insurance\" \/>\n<meta property=\"article:publisher\" content=\"https:\/\/www.facebook.com\/ABC-Insurance-295909420597378\" \/>\n<meta property=\"article:modified_time\" content=\"2021-03-03T11:37:24+00:00\" \/>\n<meta name=\"twitter:card\" content=\"summary_large_image\" \/>\n<meta name=\"twitter:site\" content=\"@ABCWEMMEL\" \/>\n<script type=\"application\/ld+json\" class=\"yoast-schema-graph\">{\"@context\":\"https:\/\/schema.org\",\"@graph\":[{\"@type\":\"WebPage\",\"@id\":\"https:\/\/abcinsurance.be\/?page_id=1624\",\"url\":\"https:\/\/abcinsurance.be\/?page_id=1624\",\"name\":\"V\u00e9hicule - ABC Insurance\",\"isPartOf\":{\"@id\":\"https:\/\/abcinsurance.be\/#website\"},\"datePublished\":\"2019-06-16T12:28:24+00:00\",\"dateModified\":\"2021-03-03T11:37:24+00:00\",\"breadcrumb\":{\"@id\":\"https:\/\/abcinsurance.be\/?page_id=1624#breadcrumb\"},\"inLanguage\":\"fr-FR\",\"potentialAction\":[{\"@type\":\"ReadAction\",\"target\":[\"https:\/\/abcinsurance.be\/?page_id=1624\"]}]},{\"@type\":\"BreadcrumbList\",\"@id\":\"https:\/\/abcinsurance.be\/?page_id=1624#breadcrumb\",\"itemListElement\":[{\"@type\":\"ListItem\",\"position\":1,\"name\":\"Accueil\",\"item\":\"https:\/\/abcinsurance.be\/\"},{\"@type\":\"ListItem\",\"position\":2,\"name\":\"V\u00e9hicule\"}]},{\"@type\":\"WebSite\",\"@id\":\"https:\/\/abcinsurance.be\/#website\",\"url\":\"https:\/\/abcinsurance.be\/\",\"name\":\"ABC Insurance\",\"description\":\"Etre votre r\u00e9f\u00e9rence en assurances sera notre r\u00e9compence\",\"potentialAction\":[{\"@type\":\"SearchAction\",\"target\":{\"@type\":\"EntryPoint\",\"urlTemplate\":\"https:\/\/abcinsurance.be\/?s={search_term_string}\"},\"query-input\":\"required name=search_term_string\"}],\"inLanguage\":\"fr-FR\"}]}<\/script>\n<!-- \/ Yoast SEO plugin. -->","yoast_head_json":{"title":"V\u00e9hicule - ABC Insurance","robots":{"index":"noindex","follow":"follow","max-snippet":"max-snippet:-1","max-image-preview":"max-image-preview:large","max-video-preview":"max-video-preview:-1"},"og_locale":"fr_FR","og_type":"article","og_title":"V\u00e9hicule - ABC Insurance","og_description":"Demandez nous la meilleure offre adapt\u00e9e \u00e0 votre profil de conducteur en remplissant le formulaire ci-dessous. Nous vous recontacterons dans les plus brefs d\u00e9lais.","og_url":"https:\/\/abcinsurance.be\/?page_id=1624","og_site_name":"ABC Insurance","article_publisher":"https:\/\/www.facebook.com\/ABC-Insurance-295909420597378","article_modified_time":"2021-03-03T11:37:24+00:00","twitter_card":"summary_large_image","twitter_site":"@ABCWEMMEL","schema":{"@context":"https:\/\/schema.org","@graph":[{"@type":"WebPage","@id":"https:\/\/abcinsurance.be\/?page_id=1624","url":"https:\/\/abcinsurance.be\/?page_id=1624","name":"V\u00e9hicule - ABC Insurance","isPartOf":{"@id":"https:\/\/abcinsurance.be\/#website"},"datePublished":"2019-06-16T12:28:24+00:00","dateModified":"2021-03-03T11:37:24+00:00","breadcrumb":{"@id":"https:\/\/abcinsurance.be\/?page_id=1624#breadcrumb"},"inLanguage":"fr-FR","potentialAction":[{"@type":"ReadAction","target":["https:\/\/abcinsurance.be\/?page_id=1624"]}]},{"@type":"BreadcrumbList","@id":"https:\/\/abcinsurance.be\/?page_id=1624#breadcrumb","itemListElement":[{"@type":"ListItem","position":1,"name":"Accueil","item":"https:\/\/abcinsurance.be\/"},{"@type":"ListItem","position":2,"name":"V\u00e9hicule"}]},{"@type":"WebSite","@id":"https:\/\/abcinsurance.be\/#website","url":"https:\/\/abcinsurance.be\/","name":"ABC Insurance","description":"Etre votre r\u00e9f\u00e9rence en assurances sera notre r\u00e9compence","potentialAction":[{"@type":"SearchAction","target":{"@type":"EntryPoint","urlTemplate":"https:\/\/abcinsurance.be\/?s={search_term_string}"},"query-input":"required name=search_term_string"}],"inLanguage":"fr-FR"}]}},"jetpack_sharing_enabled":true,"_links":{"self":[{"href":"https:\/\/abcinsurance.be\/index.php?rest_route=\/wp\/v2\/pages\/1624"}],"collection":[{"href":"https:\/\/abcinsurance.be\/index.php?rest_route=\/wp\/v2\/pages"}],"about":[{"href":"https:\/\/abcinsurance.be\/index.php?rest_route=\/wp\/v2\/types\/page"}],"author":[{"embeddable":true,"href":"https:\/\/abcinsurance.be\/index.php?rest_route=\/wp\/v2\/users\/1"}],"replies":[{"embeddable":true,"href":"https:\/\/abcinsurance.be\/index.php?rest_route=%2Fwp%2Fv2%2Fcomments&post=1624"}],"version-history":[{"count":3,"href":"https:\/\/abcinsurance.be\/index.php?rest_route=\/wp\/v2\/pages\/1624\/revisions"}],"predecessor-version":[{"id":1907,"href":"https:\/\/abcinsurance.be\/index.php?rest_route=\/wp\/v2\/pages\/1624\/revisions\/1907"}],"wp:attachment":[{"href":"https:\/\/abcinsurance.be\/index.php?rest_route=%2Fwp%2Fv2%2Fmedia&parent=1624"}],"curies":[{"name":"wp","href":"https:\/\/api.w.org\/{rel}","templated":true}]}}