{"id":1732,"date":"2019-06-19T17:46:22","date_gmt":"2019-06-19T15:46:22","guid":{"rendered":"https:\/\/abcinsurance.be\/?page_id=1732"},"modified":"2024-02-19T14:59:30","modified_gmt":"2024-02-19T13:59:30","slug":"mentions-legales","status":"publish","type":"page","link":"https:\/\/abcinsurance.be\/?page_id=1732","title":{"rendered":"Mentions l\u00e9gales"},"content":{"rendered":"<ol>\n<li>Twin Peaks II\u00a0: notre politique en mati\u00e8re de conflits d\u2019int\u00e9r\u00eats et de r\u00e9mun\u00e9rations<\/li>\n<\/ol>\n<p>Entr\u00e9e en vigueur le 30 avril 2014, la l\u00e9gislation \u00ab\u00a0Twin Peaks II\u00a0\u00bb a pour objectif de mieux informer les consommateurs et d\u2019am\u00e9liorer leur protection dans le domaine des assurances.<\/p>\n<p>\u00catre \u00ab orient\u00e9 clients \u00bb, la transmission d\u2019informations, la transparence, le service&#8230; sont autant de valeurs qui ont toujours \u00e9t\u00e9 essentielles pour notre bureau. Elles font partie int\u00e9grante de la relation que l\u2019entreprise entretient avec ses clients. Dans le cadre de la l\u00e9gislation Twin Peaks II, nous vous informons \u00e9galement de notre politique visant \u00e0 \u00e9liminer ou \u00e0 limiter au maximum les conflits d\u2019int\u00e9r\u00eats entre les assureurs, les interm\u00e9diaires et les clients (R\u00e9sum\u00e9 de la <a href=\"https:\/\/www.aginsurance.be\/Retail\/SiteCollectionDocuments\/F_belangenconflicten.pdf\">Politique en mati\u00e8re de conflits d&rsquo;int\u00e9r\u00eats<\/a>).<\/p>\n<ol start=\"2\">\n<li>Conditions l\u00e9gales importantes<\/li>\n<\/ol>\n<p>En utilisant ce site web ou cette application, vous marquez votre accord avec les conditions d\u2019utilisation suivantes\u00a0:<\/p>\n<ol>\n<li>a) Fiabilit\u00e9 des informations<\/li>\n<\/ol>\n<p>Les informations fournies sur ce site\/cette application ou obtenues via ce site\/cette application, les pages web, les simulations et tout autre contenu que vous consultez sont donn\u00e9s \u00e0 titre purement informatif et ne constituent pas une offre concernant des produits d\u2019assurance ou des produits ou services financiers. Les informations fournies constitueront uniquement une offre lorsqu\u2019elles seront clairement mentionn\u00e9es et stipul\u00e9es comme telles.<\/p>\n<p>Les informations fournies sur ce site\/cette application n\u2019ont pas vocation \u00e0 fournir un conseil de quelque nature que ce soit, en ce compris un conseil de nature financi\u00e8re, fiscale, comptable ou juridique.<\/p>\n<p>Ce site\/cette application comprend uniquement des informations de port\u00e9e g\u00e9n\u00e9rale. Le cas \u00e9ch\u00e9ant, l\u2019\u00e9tendue exacte de la garantie est pr\u00e9cis\u00e9e dans les Conditions G\u00e9n\u00e9rales, disponibles aupr\u00e8s de votre conseiller en assurances. Vous pouvez \u00e9galement les consulter sur ce site\/cette application.<\/p>\n<p>Notre bureau contr\u00f4lera et corrigera r\u00e9guli\u00e8rement et minutieusement les informations fournies sur ce site\/cette application. Les informations et le mat\u00e9riel disponibles sur ce site\/cette application peuvent par cons\u00e9quent faire l\u2019objet de modifications.<\/p>\n<p>Notre bureau ne peut toutefois donner de garantie quant \u00e0 l\u2019exactitude, l\u2019ad\u00e9quation, l\u2019exhaustivit\u00e9, l\u2019actualit\u00e9 et au caract\u00e8re appropri\u00e9 pour un objectif donn\u00e9 des informations et du mat\u00e9riel disponibles sur ce site\/cette application, sur les sites auxquels il est fait r\u00e9f\u00e9rence, ni quant \u00e0 la fiabilit\u00e9 et l\u2019int\u00e9grit\u00e9 de leurs sources.<\/p>\n<ol>\n<li>b) Responsabilit\u00e9 de notre bureau<\/li>\n<\/ol>\n<p>Notre bureau ne peut en aucun cas \u00eatre tenue responsable pour d\u2019\u00e9ventuels dommages ou d\u2019\u00e9ventuelles pertes r\u00e9sultant de l\u2019acc\u00e8s aux informations, donn\u00e9es, pages web et publications disponibles sur ce site\/cette application, de leur consultation ou de leur utilisation, ou via l\u2019utilisation d\u2019applications interactives, sauf en cas d\u2019acte intentionnel ou de fraude.<\/p>\n<p>Ce site\/cette application peut contenir des liens vers des sites web de tiers. Vous \u00eates libre de visiter et de consulter ces sites. Toutefois, ces visites ne peuvent en aucun cas cr\u00e9er une relation d\u2019interm\u00e9diation entre vous et ce(s) tiers dans le chef de notre bureau. Notre bureau ne peut offrir de garanties quant aux produits et services propos\u00e9s sur ces sites, ni en ce qui concerne les entreprises \u00e0 propos desquelles des informations sont fournies, ni en ce qui concerne les propri\u00e9taires ou d\u00e9tenteurs de ces sites. Notre bureau n\u2019assume aucune responsabilit\u00e9 quant au contenu ou au niveau de s\u00e9curit\u00e9 des sites internet r\u00e9f\u00e9renc\u00e9s par un lien sur ce site\/cette application. Notre bureau ne peut \u00eatre tenu responsable pour d\u2019\u00e9ventuels dommages ou d\u2019\u00e9ventuelles pertes r\u00e9sultant de l\u2019utilisation des informations fournies sur les sites visit\u00e9s par le biais de ces liens ou dans le cadre de contrats conclus sur la base des informations en question.<\/p>\n<ol>\n<li>c) Droits de propri\u00e9t\u00e9 intellectuelle de notre bureau<\/li>\n<\/ol>\n<p>Les informations, les pages internet, les publications et les donn\u00e9es de ce site\/cette application sont prot\u00e9g\u00e9es par des droits de propri\u00e9t\u00e9 intellectuelle qui appartiennent \u00e0 notre bureau ou \u00e0 des tiers. Vous ne pouvez enfreindre ces droits. Ces informations et ce mat\u00e9riel peuvent uniquement servir \u00e0 votre usage personnel et non commercial, et uniquement \u00e0 condition de ne pas en supprimer les r\u00e9f\u00e9rences aux droits de propri\u00e9t\u00e9 intellectuelle ou autres. Sans autorisation explicite pr\u00e9alable par \u00e9crit de la part de notre bureau , vous n\u2019\u00eates pas autoris\u00e9 \u00e0 diffuser, reproduire, vendre ou transf\u00e9rer ces informations et ce mat\u00e9riel, sous quelque forme que ce soit et par quelque moyen que ce soit.<\/p>\n<ol>\n<li>d) Protection de la vie priv\u00e9e<\/li>\n<\/ol>\n<p>En communiquant vos donn\u00e9es personnelles via ce site\/cette application, vous acceptez qu\u2019elles soient trait\u00e9es par notre bureau, en qualit\u00e9 de responsable du traitement.<\/p>\n<p>R\u00e9f\u00e9rences du responsable du traitement (si\u00e8ge social): voir en page d\u2019accueil de notre site internet<\/p>\n<p>Vous trouverez de plus amples informations sur la mani\u00e8re dont notre bureau traite vos donn\u00e9es personnelles dans la \u2018Privacy Notice\u2019 de notre bureau, disponible sur notre site internet.<\/p>\n<p>Vous trouverez de plus amples informations sur la politique de notre bureau en mati\u00e8re de cookies dans la \u2019Cookie Policy\u2019 de notre bureau, disponible sur notre site interne<\/p>\n","protected":false},"excerpt":{"rendered":"<p>Twin Peaks II\u00a0: notre politique en mati\u00e8re de conflits d\u2019int\u00e9r\u00eats et de r\u00e9mun\u00e9rations Entr\u00e9e en vigueur le 30 avril 2014, la l\u00e9gislation \u00ab\u00a0Twin Peaks II\u00a0\u00bb a pour objectif de mieux informer les consommateurs et d\u2019am\u00e9liorer leur protection dans le domaine des assurances. \u00catre \u00ab orient\u00e9 clients \u00bb, la transmission d\u2019informations, la transparence, le service&#8230; sont [&hellip;]<\/p>\n","protected":false},"author":1,"featured_media":0,"parent":0,"menu_order":0,"comment_status":"closed","ping_status":"closed","template":"","meta":{"footnotes":""},"yoast_head":"<!-- This site is optimized with the Yoast SEO plugin v22.9 - https:\/\/yoast.com\/wordpress\/plugins\/seo\/ -->\n<title>Mentions l\u00e9gales - ABC Insurance<\/title>\n<meta name=\"description\" content=\"pour objectif de mieux informer les consommateurs et d\u2019am\u00e9liorer leur protection dans le domaine des assurances.\" \/>\n<meta name=\"robots\" content=\"noindex, follow, max-snippet:-1, max-image-preview:large, max-video-preview:-1\" \/>\n<meta property=\"og:locale\" content=\"fr_FR\" \/>\n<meta property=\"og:type\" content=\"article\" \/>\n<meta property=\"og:title\" content=\"Mentions l\u00e9gales - ABC Insurance\" \/>\n<meta property=\"og:description\" content=\"pour objectif de mieux informer les consommateurs et d\u2019am\u00e9liorer leur protection dans le domaine des assurances.\" \/>\n<meta property=\"og:url\" content=\"https:\/\/abcinsurance.be\/?page_id=1732\" \/>\n<meta property=\"og:site_name\" content=\"ABC Insurance\" \/>\n<meta property=\"article:publisher\" content=\"https:\/\/www.facebook.com\/ABC-Insurance-295909420597378\" \/>\n<meta property=\"article:modified_time\" content=\"2024-02-19T13:59:30+00:00\" \/>\n<meta name=\"twitter:card\" content=\"summary_large_image\" \/>\n<meta name=\"twitter:site\" content=\"@ABCWEMMEL\" \/>\n<meta name=\"twitter:label1\" content=\"Dur\u00e9e de lecture estim\u00e9e\" \/>\n\t<meta name=\"twitter:data1\" content=\"5 minutes\" \/>\n<script type=\"application\/ld+json\" class=\"yoast-schema-graph\">{\"@context\":\"https:\/\/schema.org\",\"@graph\":[{\"@type\":\"WebPage\",\"@id\":\"https:\/\/abcinsurance.be\/?page_id=1732\",\"url\":\"https:\/\/abcinsurance.be\/?page_id=1732\",\"name\":\"Mentions l\u00e9gales - ABC Insurance\",\"isPartOf\":{\"@id\":\"https:\/\/abcinsurance.be\/#website\"},\"datePublished\":\"2019-06-19T15:46:22+00:00\",\"dateModified\":\"2024-02-19T13:59:30+00:00\",\"description\":\"pour objectif de mieux informer les consommateurs et d\u2019am\u00e9liorer leur protection dans le domaine des assurances.\",\"breadcrumb\":{\"@id\":\"https:\/\/abcinsurance.be\/?page_id=1732#breadcrumb\"},\"inLanguage\":\"fr-FR\",\"potentialAction\":[{\"@type\":\"ReadAction\",\"target\":[\"https:\/\/abcinsurance.be\/?page_id=1732\"]}]},{\"@type\":\"BreadcrumbList\",\"@id\":\"https:\/\/abcinsurance.be\/?page_id=1732#breadcrumb\",\"itemListElement\":[{\"@type\":\"ListItem\",\"position\":1,\"name\":\"Accueil\",\"item\":\"https:\/\/abcinsurance.be\/\"},{\"@type\":\"ListItem\",\"position\":2,\"name\":\"Mentions l\u00e9gales\"}]},{\"@type\":\"WebSite\",\"@id\":\"https:\/\/abcinsurance.be\/#website\",\"url\":\"https:\/\/abcinsurance.be\/\",\"name\":\"ABC Insurance\",\"description\":\"Etre votre r\u00e9f\u00e9rence en assurances sera notre r\u00e9compence\",\"potentialAction\":[{\"@type\":\"SearchAction\",\"target\":{\"@type\":\"EntryPoint\",\"urlTemplate\":\"https:\/\/abcinsurance.be\/?s={search_term_string}\"},\"query-input\":\"required name=search_term_string\"}],\"inLanguage\":\"fr-FR\"}]}<\/script>\n<!-- \/ Yoast SEO plugin. -->","yoast_head_json":{"title":"Mentions l\u00e9gales - ABC Insurance","description":"pour objectif de mieux informer les consommateurs et d\u2019am\u00e9liorer leur protection dans le domaine des assurances.","robots":{"index":"noindex","follow":"follow","max-snippet":"max-snippet:-1","max-image-preview":"max-image-preview:large","max-video-preview":"max-video-preview:-1"},"og_locale":"fr_FR","og_type":"article","og_title":"Mentions l\u00e9gales - ABC Insurance","og_description":"pour objectif de mieux informer les consommateurs et d\u2019am\u00e9liorer leur protection dans le domaine des assurances.","og_url":"https:\/\/abcinsurance.be\/?page_id=1732","og_site_name":"ABC Insurance","article_publisher":"https:\/\/www.facebook.com\/ABC-Insurance-295909420597378","article_modified_time":"2024-02-19T13:59:30+00:00","twitter_card":"summary_large_image","twitter_site":"@ABCWEMMEL","twitter_misc":{"Dur\u00e9e de lecture estim\u00e9e":"5 minutes"},"schema":{"@context":"https:\/\/schema.org","@graph":[{"@type":"WebPage","@id":"https:\/\/abcinsurance.be\/?page_id=1732","url":"https:\/\/abcinsurance.be\/?page_id=1732","name":"Mentions l\u00e9gales - ABC Insurance","isPartOf":{"@id":"https:\/\/abcinsurance.be\/#website"},"datePublished":"2019-06-19T15:46:22+00:00","dateModified":"2024-02-19T13:59:30+00:00","description":"pour objectif de mieux informer les consommateurs et d\u2019am\u00e9liorer leur protection dans le domaine des assurances.","breadcrumb":{"@id":"https:\/\/abcinsurance.be\/?page_id=1732#breadcrumb"},"inLanguage":"fr-FR","potentialAction":[{"@type":"ReadAction","target":["https:\/\/abcinsurance.be\/?page_id=1732"]}]},{"@type":"BreadcrumbList","@id":"https:\/\/abcinsurance.be\/?page_id=1732#breadcrumb","itemListElement":[{"@type":"ListItem","position":1,"name":"Accueil","item":"https:\/\/abcinsurance.be\/"},{"@type":"ListItem","position":2,"name":"Mentions l\u00e9gales"}]},{"@type":"WebSite","@id":"https:\/\/abcinsurance.be\/#website","url":"https:\/\/abcinsurance.be\/","name":"ABC Insurance","description":"Etre votre r\u00e9f\u00e9rence en assurances sera notre r\u00e9compence","potentialAction":[{"@type":"SearchAction","target":{"@type":"EntryPoint","urlTemplate":"https:\/\/abcinsurance.be\/?s={search_term_string}"},"query-input":"required name=search_term_string"}],"inLanguage":"fr-FR"}]}},"jetpack_sharing_enabled":true,"_links":{"self":[{"href":"https:\/\/abcinsurance.be\/index.php?rest_route=\/wp\/v2\/pages\/1732"}],"collection":[{"href":"https:\/\/abcinsurance.be\/index.php?rest_route=\/wp\/v2\/pages"}],"about":[{"href":"https:\/\/abcinsurance.be\/index.php?rest_route=\/wp\/v2\/types\/page"}],"author":[{"embeddable":true,"href":"https:\/\/abcinsurance.be\/index.php?rest_route=\/wp\/v2\/users\/1"}],"replies":[{"embeddable":true,"href":"https:\/\/abcinsurance.be\/index.php?rest_route=%2Fwp%2Fv2%2Fcomments&post=1732"}],"version-history":[{"count":4,"href":"https:\/\/abcinsurance.be\/index.php?rest_route=\/wp\/v2\/pages\/1732\/revisions"}],"predecessor-version":[{"id":2458,"href":"https:\/\/abcinsurance.be\/index.php?rest_route=\/wp\/v2\/pages\/1732\/revisions\/2458"}],"wp:attachment":[{"href":"https:\/\/abcinsurance.be\/index.php?rest_route=%2Fwp%2Fv2%2Fmedia&parent=1732"}],"curies":[{"name":"wp","href":"https:\/\/api.w.org\/{rel}","templated":true}]}}