{"id":1782,"date":"2019-06-24T18:15:46","date_gmt":"2019-06-24T16:15:46","guid":{"rendered":"https:\/\/abcinsurance.be\/?page_id=1782"},"modified":"2024-03-06T15:32:26","modified_gmt":"2024-03-06T14:32:26","slug":"voertuigen","status":"publish","type":"page","link":"https:\/\/abcinsurance.be\/?page_id=1782&lang=nl","title":{"rendered":"Autoverzekering"},"content":{"rendered":"<h4>Een autoverzekering is om een aantal redenen nuttig, zowel voor bestuurders als voor derden.<\/h4>\n<h4><span class=\"tlid-translation translation\" lang=\"nl\"><span class=\"\" title=\"\">Vraag ons naar de beste offerte voor uw profiel door het onderstaande formulier in te vullen.<\/span> <\/span><\/h4>\n<h4><span class=\"tlid-translation translation\" lang=\"nl\"><span class=\"\" title=\"\">We nemen zo snel mogelijk contact met u op.<\/span><\/span><\/h4>\n<hr \/>\n<div class=\"wpforms-container wpforms-container-full\" id=\"wpforms-1855\"><form id=\"wpforms-form-1855\" class=\"wpforms-validate wpforms-form\" data-formid=\"1855\" method=\"post\" enctype=\"multipart\/form-data\" action=\"\/index.php?rest_route=%2Fwp%2Fv2%2Fpages%2F1782\" data-token=\"2753c7fd8e5adb552ec487b0a4034f54\" data-token-time=\"1776893322\"><noscript class=\"wpforms-error-noscript\">Veuillez activer JavaScript dans votre navigateur pour remplir ce formulaire.<\/noscript><div class=\"wpforms-field-container\"><div id=\"wpforms-1855-field_6-container\" class=\"wpforms-field wpforms-field-radio\" data-field-id=\"6\"><label class=\"wpforms-field-label\">Geslacht <span class=\"wpforms-required-label\">*<\/span><\/label><ul id=\"wpforms-1855-field_6\" class=\"wpforms-field-required\"><li class=\"choice-1 depth-1\"><input type=\"radio\" id=\"wpforms-1855-field_6_1\" name=\"wpforms[fields][6]\" value=\"Man\" required ><label class=\"wpforms-field-label-inline\" for=\"wpforms-1855-field_6_1\">Man<\/label><\/li><li class=\"choice-2 depth-1\"><input type=\"radio\" id=\"wpforms-1855-field_6_2\" name=\"wpforms[fields][6]\" value=\"Vrouw\" required ><label class=\"wpforms-field-label-inline\" for=\"wpforms-1855-field_6_2\">Vrouw<\/label><\/li><\/ul><\/div><div id=\"wpforms-1855-field_21-container\" class=\"wpforms-field wpforms-field-text\" data-field-id=\"21\"><label class=\"wpforms-field-label\" for=\"wpforms-1855-field_21\">Naam van de bestuurder <span class=\"wpforms-required-label\">*<\/span><\/label><input type=\"text\" id=\"wpforms-1855-field_21\" class=\"wpforms-field-medium wpforms-field-required\" name=\"wpforms[fields][21]\" required><\/div><div id=\"wpforms-1855-field_22-container\" class=\"wpforms-field wpforms-field-text\" data-field-id=\"22\"><label class=\"wpforms-field-label\" for=\"wpforms-1855-field_22\">Voornaam van de bestuurder <span class=\"wpforms-required-label\">*<\/span><\/label><input type=\"text\" id=\"wpforms-1855-field_22\" class=\"wpforms-field-medium wpforms-field-required\" name=\"wpforms[fields][22]\" required><\/div><div id=\"wpforms-1855-field_7-container\" class=\"wpforms-field wpforms-field-text\" data-field-id=\"7\"><label class=\"wpforms-field-label\" for=\"wpforms-1855-field_7\">Geboortedatum <span class=\"wpforms-required-label\">*<\/span><\/label><input type=\"text\" id=\"wpforms-1855-field_7\" class=\"wpforms-field-medium wpforms-field-required\" name=\"wpforms[fields][7]\" required><\/div><div id=\"wpforms-1855-field_8-container\" class=\"wpforms-field wpforms-field-text\" data-field-id=\"8\"><label class=\"wpforms-field-label\" for=\"wpforms-1855-field_8\">Adres <span class=\"wpforms-required-label\">*<\/span><\/label><input type=\"text\" id=\"wpforms-1855-field_8\" class=\"wpforms-field-large wpforms-field-required\" name=\"wpforms[fields][8]\" required><\/div><div id=\"wpforms-1855-field_9-container\" class=\"wpforms-field wpforms-field-text\" data-field-id=\"9\"><label class=\"wpforms-field-label\" for=\"wpforms-1855-field_9\">Beroep <span class=\"wpforms-required-label\">*<\/span><\/label><input type=\"text\" id=\"wpforms-1855-field_9\" class=\"wpforms-field-medium wpforms-field-required\" name=\"wpforms[fields][9]\" required><\/div><div id=\"wpforms-1855-field_2-container\" class=\"wpforms-field wpforms-field-text\" data-field-id=\"2\"><label class=\"wpforms-field-label\" for=\"wpforms-1855-field_2\">Telefoonnummer <span class=\"wpforms-required-label\">*<\/span><\/label><input type=\"text\" id=\"wpforms-1855-field_2\" class=\"wpforms-field-medium wpforms-field-required\" name=\"wpforms[fields][2]\" required><\/div><div id=\"wpforms-1855-field_5-container\" class=\"wpforms-field wpforms-field-email\" data-field-id=\"5\"><label class=\"wpforms-field-label\" for=\"wpforms-1855-field_5\">E-mail <span class=\"wpforms-required-label\">*<\/span><\/label><input type=\"email\" id=\"wpforms-1855-field_5\" class=\"wpforms-field-medium wpforms-field-required\" name=\"wpforms[fields][5]\" spellcheck=\"false\" required><\/div><div id=\"wpforms-1855-field_11-container\" class=\"wpforms-field wpforms-field-radio\" data-field-id=\"11\"><label class=\"wpforms-field-label\">Heeft u een schadeattest? <span class=\"wpforms-required-label\">*<\/span><\/label><ul id=\"wpforms-1855-field_11\" class=\"wpforms-field-required\"><li class=\"choice-1 depth-1\"><input type=\"radio\" id=\"wpforms-1855-field_11_1\" name=\"wpforms[fields][11]\" value=\"Ja\" required ><label class=\"wpforms-field-label-inline\" for=\"wpforms-1855-field_11_1\">Ja<\/label><\/li><li class=\"choice-2 depth-1\"><input type=\"radio\" id=\"wpforms-1855-field_11_2\" name=\"wpforms[fields][11]\" value=\"Nee\" required ><label class=\"wpforms-field-label-inline\" for=\"wpforms-1855-field_11_2\">Nee<\/label><\/li><\/ul><\/div><div id=\"wpforms-1855-field_12-container\" class=\"wpforms-field wpforms-field-text\" data-field-id=\"12\"><label class=\"wpforms-field-label\" for=\"wpforms-1855-field_12\">Nummer van de voormalige maatschappij <span class=\"wpforms-required-label\">*<\/span><\/label><input type=\"text\" id=\"wpforms-1855-field_12\" class=\"wpforms-field-medium wpforms-field-required\" name=\"wpforms[fields][12]\" required><\/div><div id=\"wpforms-1855-field_13-container\" class=\"wpforms-field wpforms-field-text\" data-field-id=\"13\"><label class=\"wpforms-field-label\" for=\"wpforms-1855-field_13\">Bouwjaar van het voertuig <span class=\"wpforms-required-label\">*<\/span><\/label><input type=\"text\" id=\"wpforms-1855-field_13\" class=\"wpforms-field-small wpforms-field-required\" name=\"wpforms[fields][13]\" required><\/div><div id=\"wpforms-1855-field_14-container\" class=\"wpforms-field wpforms-field-text\" data-field-id=\"14\"><label class=\"wpforms-field-label\" for=\"wpforms-1855-field_14\">Voertuig brandstof <span class=\"wpforms-required-label\">*<\/span><\/label><input type=\"text\" id=\"wpforms-1855-field_14\" class=\"wpforms-field-small wpforms-field-required\" name=\"wpforms[fields][14]\" required><\/div><div id=\"wpforms-1855-field_15-container\" class=\"wpforms-field wpforms-field-text\" data-field-id=\"15\"><label class=\"wpforms-field-label\" for=\"wpforms-1855-field_15\">Voertuig merk <span class=\"wpforms-required-label\">*<\/span><\/label><input type=\"text\" id=\"wpforms-1855-field_15\" class=\"wpforms-field-small wpforms-field-required\" name=\"wpforms[fields][15]\" required><\/div><div id=\"wpforms-1855-field_16-container\" class=\"wpforms-field wpforms-field-text\" data-field-id=\"16\"><label class=\"wpforms-field-label\" for=\"wpforms-1855-field_16\">Voertuig model <span class=\"wpforms-required-label\">*<\/span><\/label><input type=\"text\" id=\"wpforms-1855-field_16\" class=\"wpforms-field-small wpforms-field-required\" name=\"wpforms[fields][16]\" required><\/div><div id=\"wpforms-1855-field_17-container\" class=\"wpforms-field wpforms-field-text\" data-field-id=\"17\"><label class=\"wpforms-field-label\" for=\"wpforms-1855-field_17\">Voertuig type <span class=\"wpforms-required-label\">*<\/span><\/label><input type=\"text\" id=\"wpforms-1855-field_17\" class=\"wpforms-field-small wpforms-field-required\" name=\"wpforms[fields][17]\" required><\/div><div id=\"wpforms-1855-field_18-container\" class=\"wpforms-field wpforms-field-text\" data-field-id=\"18\"><label class=\"wpforms-field-label\" for=\"wpforms-1855-field_18\">Geschat aantal km\/jaar <span class=\"wpforms-required-label\">*<\/span><\/label><input type=\"text\" id=\"wpforms-1855-field_18\" class=\"wpforms-field-small wpforms-field-required\" name=\"wpforms[fields][18]\" required><\/div><div id=\"wpforms-1855-field_24-container\" class=\"wpforms-field wpforms-field-text\" data-field-id=\"24\"><label class=\"wpforms-field-label\" for=\"wpforms-1855-field_24\">Datum van de oorspronkelijke vergunning <span class=\"wpforms-required-label\">*<\/span><\/label><input type=\"text\" id=\"wpforms-1855-field_24\" class=\"wpforms-field-small wpforms-field-required\" name=\"wpforms[fields][24]\" required><\/div><div id=\"wpforms-1855-field_25-container\" class=\"wpforms-field wpforms-field-radio\" data-field-id=\"25\"><label class=\"wpforms-field-label\">Is er een andere primaire driver dan de verzekeringnemer? <span class=\"wpforms-required-label\">*<\/span><\/label><ul id=\"wpforms-1855-field_25\" class=\"wpforms-field-required\"><li class=\"choice-1 depth-1\"><input type=\"radio\" id=\"wpforms-1855-field_25_1\" name=\"wpforms[fields][25]\" value=\"Ja\" required ><label class=\"wpforms-field-label-inline\" for=\"wpforms-1855-field_25_1\">Ja<\/label><\/li><li class=\"choice-2 depth-1\"><input type=\"radio\" id=\"wpforms-1855-field_25_2\" name=\"wpforms[fields][25]\" value=\"Nee\" required ><label class=\"wpforms-field-label-inline\" for=\"wpforms-1855-field_25_2\">Nee<\/label><\/li><\/ul><\/div><div id=\"wpforms-1855-field_26-container\" class=\"wpforms-field wpforms-field-text\" data-field-id=\"26\"><label class=\"wpforms-field-label\" for=\"wpforms-1855-field_26\">Aantal jaren waarop een claimattest betrekking heeft <span class=\"wpforms-required-label\">*<\/span><\/label><input type=\"text\" id=\"wpforms-1855-field_26\" class=\"wpforms-field-small wpforms-field-required\" name=\"wpforms[fields][26]\" required><\/div><div id=\"wpforms-1855-field_27-container\" class=\"wpforms-field wpforms-field-radio\" data-field-id=\"27\"><label class=\"wpforms-field-label\">Is er in de afgelopen 5 jaar sprake geweest van RC-verlies met gedeelde of totale aansprakelijkheid? <span class=\"wpforms-required-label\">*<\/span><\/label><ul id=\"wpforms-1855-field_27\" class=\"wpforms-field-required\"><li class=\"choice-1 depth-1\"><input type=\"radio\" id=\"wpforms-1855-field_27_1\" name=\"wpforms[fields][27]\" value=\"Ja\" required ><label class=\"wpforms-field-label-inline\" for=\"wpforms-1855-field_27_1\">Ja<\/label><\/li><li class=\"choice-2 depth-1\"><input type=\"radio\" id=\"wpforms-1855-field_27_2\" name=\"wpforms[fields][27]\" value=\"Nee\" required ><label class=\"wpforms-field-label-inline\" for=\"wpforms-1855-field_27_2\">Nee<\/label><\/li><\/ul><\/div><div id=\"wpforms-1855-field_28-container\" class=\"wpforms-field wpforms-field-text\" data-field-id=\"28\"><label class=\"wpforms-field-label\" for=\"wpforms-1855-field_28\">Vermogen (kw) <span class=\"wpforms-required-label\">*<\/span><\/label><input type=\"text\" id=\"wpforms-1855-field_28\" class=\"wpforms-field-small wpforms-field-required\" name=\"wpforms[fields][28]\" required><\/div><div id=\"wpforms-1855-field_29-container\" class=\"wpforms-field wpforms-field-text\" data-field-id=\"29\"><label class=\"wpforms-field-label\" for=\"wpforms-1855-field_29\">Datum van eerste registratie <span class=\"wpforms-required-label\">*<\/span><\/label><input type=\"text\" id=\"wpforms-1855-field_29\" class=\"wpforms-field-small wpforms-field-required\" name=\"wpforms[fields][29]\" required><\/div><div id=\"wpforms-1855-field_30-container\" class=\"wpforms-field wpforms-field-radio\" data-field-id=\"30\"><label class=\"wpforms-field-label\">Wil de verzekeringnemer het beleid &#039;Voertuigbescherming&#039; afsluiten?<\/label><ul id=\"wpforms-1855-field_30\"><li class=\"choice-1 depth-1\"><input type=\"radio\" id=\"wpforms-1855-field_30_1\" name=\"wpforms[fields][30]\" value=\"Omnium\"  ><label class=\"wpforms-field-label-inline\" for=\"wpforms-1855-field_30_1\">Omnium<\/label><\/li><li class=\"choice-2 depth-1\"><input type=\"radio\" id=\"wpforms-1855-field_30_2\" name=\"wpforms[fields][30]\" value=\"Mini-omnium\"  ><label class=\"wpforms-field-label-inline\" for=\"wpforms-1855-field_30_2\">Mini-omnium<\/label><\/li><\/ul><\/div><div id=\"wpforms-1855-field_20-container\" class=\"wpforms-field wpforms-field-radio\" data-field-id=\"20\"><label class=\"wpforms-field-label\">Gebruik van de auto <span class=\"wpforms-required-label\">*<\/span><\/label><ul id=\"wpforms-1855-field_20\" class=\"wpforms-field-required\"><li class=\"choice-1 depth-1\"><input type=\"radio\" id=\"wpforms-1855-field_20_1\" name=\"wpforms[fields][20]\" value=\"professioneel\" required ><label class=\"wpforms-field-label-inline\" for=\"wpforms-1855-field_20_1\">professioneel<\/label><\/li><li class=\"choice-2 depth-1\"><input type=\"radio\" id=\"wpforms-1855-field_20_2\" name=\"wpforms[fields][20]\" value=\"priv\u00e9\" required ><label class=\"wpforms-field-label-inline\" for=\"wpforms-1855-field_20_2\">priv\u00e9<\/label><\/li><\/ul><\/div><\/div><!-- .wpforms-field-container --><div class=\"wpforms-field wpforms-field-hp\"><label for=\"wpforms-1855-field-hp\" class=\"wpforms-field-label\">Email<\/label><input type=\"text\" name=\"wpforms[hp]\" id=\"wpforms-1855-field-hp\" class=\"wpforms-field-medium\"><\/div><div class=\"wpforms-submit-container\" ><input type=\"hidden\" name=\"wpforms[id]\" value=\"1855\"><input type=\"hidden\" name=\"page_title\" value=\"\"><input type=\"hidden\" name=\"page_url\" value=\"https:\/\/abcinsurance.be\/index.php?rest_route=\/wp\/v2\/pages\/1782\"><button type=\"submit\" name=\"wpforms[submit]\" id=\"wpforms-submit-1855\" class=\"wpforms-submit\" data-alt-text=\"verzendt...\" data-submit-text=\"Verzenden\" aria-live=\"assertive\" value=\"wpforms-submit\">Verzenden<\/button><\/div><\/form><\/div>  <!-- .wpforms-container -->\n","protected":false},"excerpt":{"rendered":"<p>Een autoverzekering is om een aantal redenen nuttig, zowel voor bestuurders als voor derden. Vraag ons naar de beste offerte voor uw profiel door het onderstaande formulier in te vullen. We nemen zo snel mogelijk contact met u op.<\/p>\n","protected":false},"author":1,"featured_media":0,"parent":0,"menu_order":0,"comment_status":"closed","ping_status":"closed","template":"template-content-with-sidebar.php","meta":{"footnotes":""},"yoast_head":"<!-- This site is optimized with the Yoast SEO plugin v22.9 - https:\/\/yoast.com\/wordpress\/plugins\/seo\/ -->\n<title>Autoverzekering - ABC Insurance<\/title>\n<meta name=\"description\" content=\"Een autoverzekering is een essentieel onderdeel van de financi\u00eble bescherming voor elke voertuigeigenaar. Het biedt een verscheidenheid aan dekkingen die zijn ontworpen om te voldoen aan de specifieke behoeften van bestuurders. Onder de belangrijkste beschikbare opties vallen de Burgerlijke Aansprakelijkheid (BA), de Omnium, de Grote Omnium en de Bijstand.\" \/>\n<meta name=\"robots\" content=\"noindex, follow, max-snippet:-1, max-image-preview:large, max-video-preview:-1\" \/>\n<meta property=\"og:locale\" content=\"fr_FR\" \/>\n<meta property=\"og:type\" content=\"article\" \/>\n<meta property=\"og:title\" content=\"Autoverzekering - ABC Insurance\" \/>\n<meta property=\"og:description\" content=\"Een autoverzekering is een essentieel onderdeel van de financi\u00eble bescherming voor elke voertuigeigenaar. Het biedt een verscheidenheid aan dekkingen die zijn ontworpen om te voldoen aan de specifieke behoeften van bestuurders. Onder de belangrijkste beschikbare opties vallen de Burgerlijke Aansprakelijkheid (BA), de Omnium, de Grote Omnium en de Bijstand.\" \/>\n<meta property=\"og:url\" content=\"https:\/\/abcinsurance.be\/?page_id=1782&amp;lang=nl\" \/>\n<meta property=\"og:site_name\" content=\"ABC Insurance\" \/>\n<meta property=\"article:publisher\" content=\"https:\/\/www.facebook.com\/ABC-Insurance-295909420597378\" \/>\n<meta property=\"article:modified_time\" content=\"2024-03-06T14:32:26+00:00\" \/>\n<meta name=\"twitter:card\" content=\"summary_large_image\" \/>\n<meta name=\"twitter:site\" content=\"@ABCWEMMEL\" \/>\n<meta name=\"twitter:label1\" content=\"Dur\u00e9e de lecture estim\u00e9e\" \/>\n\t<meta name=\"twitter:data1\" content=\"1 minute\" \/>\n<script type=\"application\/ld+json\" class=\"yoast-schema-graph\">{\"@context\":\"https:\/\/schema.org\",\"@graph\":[{\"@type\":\"WebPage\",\"@id\":\"https:\/\/abcinsurance.be\/?page_id=1782&lang=nl\",\"url\":\"https:\/\/abcinsurance.be\/?page_id=1782&lang=nl\",\"name\":\"Autoverzekering - ABC Insurance\",\"isPartOf\":{\"@id\":\"https:\/\/abcinsurance.be\/#website\"},\"datePublished\":\"2019-06-24T16:15:46+00:00\",\"dateModified\":\"2024-03-06T14:32:26+00:00\",\"description\":\"Een autoverzekering is een essentieel onderdeel van de financi\u00eble bescherming voor elke voertuigeigenaar. Het biedt een verscheidenheid aan dekkingen die zijn ontworpen om te voldoen aan de specifieke behoeften van bestuurders. Onder de belangrijkste beschikbare opties vallen de Burgerlijke Aansprakelijkheid (BA), de Omnium, de Grote Omnium en de Bijstand.\",\"breadcrumb\":{\"@id\":\"https:\/\/abcinsurance.be\/?page_id=1782&lang=nl#breadcrumb\"},\"inLanguage\":\"fr-FR\",\"potentialAction\":[{\"@type\":\"ReadAction\",\"target\":[\"https:\/\/abcinsurance.be\/?page_id=1782&lang=nl\"]}]},{\"@type\":\"BreadcrumbList\",\"@id\":\"https:\/\/abcinsurance.be\/?page_id=1782&lang=nl#breadcrumb\",\"itemListElement\":[{\"@type\":\"ListItem\",\"position\":1,\"name\":\"Accueil\",\"item\":\"https:\/\/abcinsurance.be\/\"},{\"@type\":\"ListItem\",\"position\":2,\"name\":\"Autoverzekering\"}]},{\"@type\":\"WebSite\",\"@id\":\"https:\/\/abcinsurance.be\/#website\",\"url\":\"https:\/\/abcinsurance.be\/\",\"name\":\"ABC Insurance\",\"description\":\"Etre votre r\u00e9f\u00e9rence en assurances sera notre r\u00e9compence\",\"potentialAction\":[{\"@type\":\"SearchAction\",\"target\":{\"@type\":\"EntryPoint\",\"urlTemplate\":\"https:\/\/abcinsurance.be\/?s={search_term_string}\"},\"query-input\":\"required name=search_term_string\"}],\"inLanguage\":\"fr-FR\"}]}<\/script>\n<!-- \/ Yoast SEO plugin. -->","yoast_head_json":{"title":"Autoverzekering - ABC Insurance","description":"Een autoverzekering is een essentieel onderdeel van de financi\u00eble bescherming voor elke voertuigeigenaar. Het biedt een verscheidenheid aan dekkingen die zijn ontworpen om te voldoen aan de specifieke behoeften van bestuurders. Onder de belangrijkste beschikbare opties vallen de Burgerlijke Aansprakelijkheid (BA), de Omnium, de Grote Omnium en de Bijstand.","robots":{"index":"noindex","follow":"follow","max-snippet":"max-snippet:-1","max-image-preview":"max-image-preview:large","max-video-preview":"max-video-preview:-1"},"og_locale":"fr_FR","og_type":"article","og_title":"Autoverzekering - ABC Insurance","og_description":"Een autoverzekering is een essentieel onderdeel van de financi\u00eble bescherming voor elke voertuigeigenaar. Het biedt een verscheidenheid aan dekkingen die zijn ontworpen om te voldoen aan de specifieke behoeften van bestuurders. Onder de belangrijkste beschikbare opties vallen de Burgerlijke Aansprakelijkheid (BA), de Omnium, de Grote Omnium en de Bijstand.","og_url":"https:\/\/abcinsurance.be\/?page_id=1782&lang=nl","og_site_name":"ABC Insurance","article_publisher":"https:\/\/www.facebook.com\/ABC-Insurance-295909420597378","article_modified_time":"2024-03-06T14:32:26+00:00","twitter_card":"summary_large_image","twitter_site":"@ABCWEMMEL","twitter_misc":{"Dur\u00e9e de lecture estim\u00e9e":"1 minute"},"schema":{"@context":"https:\/\/schema.org","@graph":[{"@type":"WebPage","@id":"https:\/\/abcinsurance.be\/?page_id=1782&lang=nl","url":"https:\/\/abcinsurance.be\/?page_id=1782&lang=nl","name":"Autoverzekering - ABC Insurance","isPartOf":{"@id":"https:\/\/abcinsurance.be\/#website"},"datePublished":"2019-06-24T16:15:46+00:00","dateModified":"2024-03-06T14:32:26+00:00","description":"Een autoverzekering is een essentieel onderdeel van de financi\u00eble bescherming voor elke voertuigeigenaar. Het biedt een verscheidenheid aan dekkingen die zijn ontworpen om te voldoen aan de specifieke behoeften van bestuurders. Onder de belangrijkste beschikbare opties vallen de Burgerlijke Aansprakelijkheid (BA), de Omnium, de Grote Omnium en de Bijstand.","breadcrumb":{"@id":"https:\/\/abcinsurance.be\/?page_id=1782&lang=nl#breadcrumb"},"inLanguage":"fr-FR","potentialAction":[{"@type":"ReadAction","target":["https:\/\/abcinsurance.be\/?page_id=1782&lang=nl"]}]},{"@type":"BreadcrumbList","@id":"https:\/\/abcinsurance.be\/?page_id=1782&lang=nl#breadcrumb","itemListElement":[{"@type":"ListItem","position":1,"name":"Accueil","item":"https:\/\/abcinsurance.be\/"},{"@type":"ListItem","position":2,"name":"Autoverzekering"}]},{"@type":"WebSite","@id":"https:\/\/abcinsurance.be\/#website","url":"https:\/\/abcinsurance.be\/","name":"ABC Insurance","description":"Etre votre r\u00e9f\u00e9rence en assurances sera notre r\u00e9compence","potentialAction":[{"@type":"SearchAction","target":{"@type":"EntryPoint","urlTemplate":"https:\/\/abcinsurance.be\/?s={search_term_string}"},"query-input":"required name=search_term_string"}],"inLanguage":"fr-FR"}]}},"jetpack_sharing_enabled":true,"_links":{"self":[{"href":"https:\/\/abcinsurance.be\/index.php?rest_route=\/wp\/v2\/pages\/1782"}],"collection":[{"href":"https:\/\/abcinsurance.be\/index.php?rest_route=\/wp\/v2\/pages"}],"about":[{"href":"https:\/\/abcinsurance.be\/index.php?rest_route=\/wp\/v2\/types\/page"}],"author":[{"embeddable":true,"href":"https:\/\/abcinsurance.be\/index.php?rest_route=\/wp\/v2\/users\/1"}],"replies":[{"embeddable":true,"href":"https:\/\/abcinsurance.be\/index.php?rest_route=%2Fwp%2Fv2%2Fcomments&post=1782"}],"version-history":[{"count":7,"href":"https:\/\/abcinsurance.be\/index.php?rest_route=\/wp\/v2\/pages\/1782\/revisions"}],"predecessor-version":[{"id":2474,"href":"https:\/\/abcinsurance.be\/index.php?rest_route=\/wp\/v2\/pages\/1782\/revisions\/2474"}],"wp:attachment":[{"href":"https:\/\/abcinsurance.be\/index.php?rest_route=%2Fwp%2Fv2%2Fmedia&parent=1782"}],"curies":[{"name":"wp","href":"https:\/\/api.w.org\/{rel}","templated":true}]}}