{"id":1876,"date":"2019-06-25T15:21:27","date_gmt":"2019-06-25T13:21:27","guid":{"rendered":"https:\/\/abcinsurance.be\/?page_id=1876"},"modified":"2024-02-18T16:56:06","modified_gmt":"2024-02-18T15:56:06","slug":"pensioen-verzekering","status":"publish","type":"page","link":"https:\/\/abcinsurance.be\/?page_id=1876&lang=nl","title":{"rendered":"Pensioenverzekering"},"content":{"rendered":"<h4>Het afsluiten van een pensioenverzekering is om verschillende redenen belangrijk, vooral om financi\u00eble zekerheid en een adequaat levensonderhoud tijdens de pensioenjaren te waarborgen.<\/h4>\n<h4>Vraag ons het beste aanbod aangepast aan uw profiel door het onderstaande formulier in te vullen. We nemen zo snel mogelijk contact met u op.<\/h4>\n<hr \/>\n<div class=\"wpforms-container wpforms-container-full\" id=\"wpforms-1875\"><form id=\"wpforms-form-1875\" class=\"wpforms-validate wpforms-form\" data-formid=\"1875\" method=\"post\" enctype=\"multipart\/form-data\" action=\"\/index.php?rest_route=%2Fwp%2Fv2%2Fpages%2F1876\" data-token=\"0650c5875d3971bcde4a1e39ef859926\" data-token-time=\"1776928211\"><noscript class=\"wpforms-error-noscript\">Veuillez activer JavaScript dans votre navigateur pour remplir ce formulaire.<\/noscript><div class=\"wpforms-field-container\"><div id=\"wpforms-1875-field_6-container\" class=\"wpforms-field wpforms-field-radio\" data-field-id=\"6\"><label class=\"wpforms-field-label\">Geslacht <span class=\"wpforms-required-label\">*<\/span><\/label><ul id=\"wpforms-1875-field_6\" class=\"wpforms-field-required\"><li class=\"choice-1 depth-1\"><input type=\"radio\" id=\"wpforms-1875-field_6_1\" name=\"wpforms[fields][6]\" value=\"Man\" required ><label class=\"wpforms-field-label-inline\" for=\"wpforms-1875-field_6_1\">Man<\/label><\/li><li class=\"choice-2 depth-1\"><input type=\"radio\" id=\"wpforms-1875-field_6_2\" name=\"wpforms[fields][6]\" value=\"Vrouw\" required ><label class=\"wpforms-field-label-inline\" for=\"wpforms-1875-field_6_2\">Vrouw<\/label><\/li><\/ul><\/div><div id=\"wpforms-1875-field_12-container\" class=\"wpforms-field wpforms-field-text\" data-field-id=\"12\"><label class=\"wpforms-field-label\" for=\"wpforms-1875-field_12\">Naam <span class=\"wpforms-required-label\">*<\/span><\/label><input type=\"text\" id=\"wpforms-1875-field_12\" class=\"wpforms-field-medium wpforms-field-required\" name=\"wpforms[fields][12]\" required><\/div><div id=\"wpforms-1875-field_11-container\" class=\"wpforms-field wpforms-field-text\" data-field-id=\"11\"><label class=\"wpforms-field-label\" for=\"wpforms-1875-field_11\">Voornaam <span class=\"wpforms-required-label\">*<\/span><\/label><input type=\"text\" id=\"wpforms-1875-field_11\" class=\"wpforms-field-medium wpforms-field-required\" name=\"wpforms[fields][11]\" required><\/div><div id=\"wpforms-1875-field_7-container\" class=\"wpforms-field wpforms-field-text\" data-field-id=\"7\"><label class=\"wpforms-field-label\" for=\"wpforms-1875-field_7\">Geboortedatum <span class=\"wpforms-required-label\">*<\/span><\/label><input type=\"text\" id=\"wpforms-1875-field_7\" class=\"wpforms-field-small wpforms-field-required\" name=\"wpforms[fields][7]\" placeholder=\"(DD\/MM\/JJ)\" required><\/div><div id=\"wpforms-1875-field_8-container\" class=\"wpforms-field wpforms-field-text\" data-field-id=\"8\"><label class=\"wpforms-field-label\" for=\"wpforms-1875-field_8\">Adres <span class=\"wpforms-required-label\">*<\/span><\/label><input type=\"text\" id=\"wpforms-1875-field_8\" class=\"wpforms-field-large wpforms-field-required\" name=\"wpforms[fields][8]\" required><\/div><div id=\"wpforms-1875-field_2-container\" class=\"wpforms-field wpforms-field-text\" data-field-id=\"2\"><label class=\"wpforms-field-label\" for=\"wpforms-1875-field_2\">Telefoonnummer <span class=\"wpforms-required-label\">*<\/span><\/label><input type=\"text\" id=\"wpforms-1875-field_2\" class=\"wpforms-field-medium wpforms-field-required\" name=\"wpforms[fields][2]\" required><\/div><div id=\"wpforms-1875-field_5-container\" class=\"wpforms-field wpforms-field-email\" data-field-id=\"5\"><label class=\"wpforms-field-label\" for=\"wpforms-1875-field_5\">E-mail <span class=\"wpforms-required-label\">*<\/span><\/label><input type=\"email\" id=\"wpforms-1875-field_5\" class=\"wpforms-field-medium wpforms-field-required\" name=\"wpforms[fields][5]\" spellcheck=\"false\" required><\/div><div id=\"wpforms-1875-field_9-container\" class=\"wpforms-field wpforms-field-text\" data-field-id=\"9\"><label class=\"wpforms-field-label\" for=\"wpforms-1875-field_9\">Beroep <span class=\"wpforms-required-label\">*<\/span><\/label><input type=\"text\" id=\"wpforms-1875-field_9\" class=\"wpforms-field-medium wpforms-field-required\" name=\"wpforms[fields][9]\" required><\/div><div id=\"wpforms-1875-field_10-container\" class=\"wpforms-field wpforms-field-text\" data-field-id=\"10\"><label class=\"wpforms-field-label\" for=\"wpforms-1875-field_10\">Sociaal statuut <span class=\"wpforms-required-label\">*<\/span><\/label><input type=\"text\" id=\"wpforms-1875-field_10\" class=\"wpforms-field-medium wpforms-field-required\" name=\"wpforms[fields][10]\" required><\/div><\/div><!-- .wpforms-field-container --><div class=\"wpforms-field wpforms-field-hp\"><label for=\"wpforms-1875-field-hp\" class=\"wpforms-field-label\">Message<\/label><input type=\"text\" name=\"wpforms[hp]\" id=\"wpforms-1875-field-hp\" class=\"wpforms-field-medium\"><\/div><div class=\"wpforms-submit-container\" ><input type=\"hidden\" name=\"wpforms[id]\" value=\"1875\"><input type=\"hidden\" name=\"page_title\" value=\"\"><input type=\"hidden\" name=\"page_url\" value=\"https:\/\/abcinsurance.be\/index.php?rest_route=\/wp\/v2\/pages\/1876\"><button type=\"submit\" name=\"wpforms[submit]\" id=\"wpforms-submit-1875\" class=\"wpforms-submit\" data-alt-text=\"verzendt...\" data-submit-text=\"Verzenden\" aria-live=\"assertive\" value=\"wpforms-submit\">Verzenden<\/button><\/div><\/form><\/div>  <!-- .wpforms-container -->\n","protected":false},"excerpt":{"rendered":"<p>Het afsluiten van een pensioenverzekering is om verschillende redenen belangrijk, vooral om financi\u00eble zekerheid en een adequaat levensonderhoud tijdens de pensioenjaren te waarborgen. Vraag ons het beste aanbod aangepast aan uw profiel door het onderstaande formulier in te vullen. We nemen zo snel mogelijk contact met u op.<\/p>\n","protected":false},"author":1,"featured_media":0,"parent":0,"menu_order":0,"comment_status":"closed","ping_status":"closed","template":"template-content-with-sidebar.php","meta":{"footnotes":""},"yoast_head":"<!-- This site is optimized with the Yoast SEO plugin v22.9 - https:\/\/yoast.com\/wordpress\/plugins\/seo\/ -->\n<title>Pensioenverzekering - ABC Insurance<\/title>\n<meta name=\"robots\" content=\"noindex, follow, max-snippet:-1, max-image-preview:large, max-video-preview:-1\" \/>\n<meta property=\"og:locale\" content=\"fr_FR\" \/>\n<meta property=\"og:type\" content=\"article\" \/>\n<meta property=\"og:title\" content=\"Pensioenverzekering - ABC Insurance\" \/>\n<meta property=\"og:description\" content=\"Het afsluiten van een pensioenverzekering is om verschillende redenen belangrijk, vooral om financi\u00eble zekerheid en een adequaat levensonderhoud tijdens de pensioenjaren te waarborgen. Vraag ons het beste aanbod aangepast aan uw profiel door het onderstaande formulier in te vullen. We nemen zo snel mogelijk contact met u op.\" \/>\n<meta property=\"og:url\" content=\"https:\/\/abcinsurance.be\/?page_id=1876&amp;lang=nl\" \/>\n<meta property=\"og:site_name\" content=\"ABC Insurance\" \/>\n<meta property=\"article:publisher\" content=\"https:\/\/www.facebook.com\/ABC-Insurance-295909420597378\" \/>\n<meta property=\"article:modified_time\" content=\"2024-02-18T15:56:06+00:00\" \/>\n<meta name=\"twitter:card\" content=\"summary_large_image\" \/>\n<meta name=\"twitter:site\" content=\"@ABCWEMMEL\" \/>\n<meta name=\"twitter:label1\" content=\"Dur\u00e9e de lecture estim\u00e9e\" \/>\n\t<meta name=\"twitter:data1\" content=\"1 minute\" \/>\n<script type=\"application\/ld+json\" class=\"yoast-schema-graph\">{\"@context\":\"https:\/\/schema.org\",\"@graph\":[{\"@type\":\"WebPage\",\"@id\":\"https:\/\/abcinsurance.be\/?page_id=1876&lang=nl\",\"url\":\"https:\/\/abcinsurance.be\/?page_id=1876&lang=nl\",\"name\":\"Pensioenverzekering - ABC Insurance\",\"isPartOf\":{\"@id\":\"https:\/\/abcinsurance.be\/#website\"},\"datePublished\":\"2019-06-25T13:21:27+00:00\",\"dateModified\":\"2024-02-18T15:56:06+00:00\",\"breadcrumb\":{\"@id\":\"https:\/\/abcinsurance.be\/?page_id=1876&lang=nl#breadcrumb\"},\"inLanguage\":\"fr-FR\",\"potentialAction\":[{\"@type\":\"ReadAction\",\"target\":[\"https:\/\/abcinsurance.be\/?page_id=1876&lang=nl\"]}]},{\"@type\":\"BreadcrumbList\",\"@id\":\"https:\/\/abcinsurance.be\/?page_id=1876&lang=nl#breadcrumb\",\"itemListElement\":[{\"@type\":\"ListItem\",\"position\":1,\"name\":\"Accueil\",\"item\":\"https:\/\/abcinsurance.be\/\"},{\"@type\":\"ListItem\",\"position\":2,\"name\":\"Pensioenverzekering\"}]},{\"@type\":\"WebSite\",\"@id\":\"https:\/\/abcinsurance.be\/#website\",\"url\":\"https:\/\/abcinsurance.be\/\",\"name\":\"ABC Insurance\",\"description\":\"Etre votre r\u00e9f\u00e9rence en assurances sera notre r\u00e9compence\",\"potentialAction\":[{\"@type\":\"SearchAction\",\"target\":{\"@type\":\"EntryPoint\",\"urlTemplate\":\"https:\/\/abcinsurance.be\/?s={search_term_string}\"},\"query-input\":\"required name=search_term_string\"}],\"inLanguage\":\"fr-FR\"}]}<\/script>\n<!-- \/ Yoast SEO plugin. -->","yoast_head_json":{"title":"Pensioenverzekering - ABC Insurance","robots":{"index":"noindex","follow":"follow","max-snippet":"max-snippet:-1","max-image-preview":"max-image-preview:large","max-video-preview":"max-video-preview:-1"},"og_locale":"fr_FR","og_type":"article","og_title":"Pensioenverzekering - ABC Insurance","og_description":"Het afsluiten van een pensioenverzekering is om verschillende redenen belangrijk, vooral om financi\u00eble zekerheid en een adequaat levensonderhoud tijdens de pensioenjaren te waarborgen. Vraag ons het beste aanbod aangepast aan uw profiel door het onderstaande formulier in te vullen. We nemen zo snel mogelijk contact met u op.","og_url":"https:\/\/abcinsurance.be\/?page_id=1876&lang=nl","og_site_name":"ABC Insurance","article_publisher":"https:\/\/www.facebook.com\/ABC-Insurance-295909420597378","article_modified_time":"2024-02-18T15:56:06+00:00","twitter_card":"summary_large_image","twitter_site":"@ABCWEMMEL","twitter_misc":{"Dur\u00e9e de lecture estim\u00e9e":"1 minute"},"schema":{"@context":"https:\/\/schema.org","@graph":[{"@type":"WebPage","@id":"https:\/\/abcinsurance.be\/?page_id=1876&lang=nl","url":"https:\/\/abcinsurance.be\/?page_id=1876&lang=nl","name":"Pensioenverzekering - ABC Insurance","isPartOf":{"@id":"https:\/\/abcinsurance.be\/#website"},"datePublished":"2019-06-25T13:21:27+00:00","dateModified":"2024-02-18T15:56:06+00:00","breadcrumb":{"@id":"https:\/\/abcinsurance.be\/?page_id=1876&lang=nl#breadcrumb"},"inLanguage":"fr-FR","potentialAction":[{"@type":"ReadAction","target":["https:\/\/abcinsurance.be\/?page_id=1876&lang=nl"]}]},{"@type":"BreadcrumbList","@id":"https:\/\/abcinsurance.be\/?page_id=1876&lang=nl#breadcrumb","itemListElement":[{"@type":"ListItem","position":1,"name":"Accueil","item":"https:\/\/abcinsurance.be\/"},{"@type":"ListItem","position":2,"name":"Pensioenverzekering"}]},{"@type":"WebSite","@id":"https:\/\/abcinsurance.be\/#website","url":"https:\/\/abcinsurance.be\/","name":"ABC Insurance","description":"Etre votre r\u00e9f\u00e9rence en assurances sera notre r\u00e9compence","potentialAction":[{"@type":"SearchAction","target":{"@type":"EntryPoint","urlTemplate":"https:\/\/abcinsurance.be\/?s={search_term_string}"},"query-input":"required name=search_term_string"}],"inLanguage":"fr-FR"}]}},"jetpack_sharing_enabled":true,"_links":{"self":[{"href":"https:\/\/abcinsurance.be\/index.php?rest_route=\/wp\/v2\/pages\/1876"}],"collection":[{"href":"https:\/\/abcinsurance.be\/index.php?rest_route=\/wp\/v2\/pages"}],"about":[{"href":"https:\/\/abcinsurance.be\/index.php?rest_route=\/wp\/v2\/types\/page"}],"author":[{"embeddable":true,"href":"https:\/\/abcinsurance.be\/index.php?rest_route=\/wp\/v2\/users\/1"}],"replies":[{"embeddable":true,"href":"https:\/\/abcinsurance.be\/index.php?rest_route=%2Fwp%2Fv2%2Fcomments&post=1876"}],"version-history":[{"count":5,"href":"https:\/\/abcinsurance.be\/index.php?rest_route=\/wp\/v2\/pages\/1876\/revisions"}],"predecessor-version":[{"id":2393,"href":"https:\/\/abcinsurance.be\/index.php?rest_route=\/wp\/v2\/pages\/1876\/revisions\/2393"}],"wp:attachment":[{"href":"https:\/\/abcinsurance.be\/index.php?rest_route=%2Fwp%2Fv2%2Fmedia&parent=1876"}],"curies":[{"name":"wp","href":"https:\/\/api.w.org\/{rel}","templated":true}]}}