{"id":1893,"date":"2019-06-25T17:54:23","date_gmt":"2019-06-25T15:54:23","guid":{"rendered":"https:\/\/abcinsurance.be\/?page_id=1893"},"modified":"2024-02-18T16:57:34","modified_gmt":"2024-02-18T15:57:34","slug":"verzekering-mensen","status":"publish","type":"page","link":"https:\/\/abcinsurance.be\/?page_id=1893&lang=nl","title":{"rendered":"Personenverzekering"},"content":{"rendered":"<h4>Het afsluiten van een verzekering voor bedrijven en de mensen die ermee geassocieerd zijn, is essentieel om verschillende redenen. Deze verzekeringen bieden financi\u00eble bescherming tegen diverse risico&rsquo;s en onverwachte gebeurtenissen die nadelige gevolgen kunnen hebben voor het bedrijf en de betrokken individuen.<\/h4>\n<h4>Vraag ons om de beste aanbieding door het onderstaande formulier in te vullen. We nemen zo snel mogelijk contact met u op.<\/h4>\n<hr \/>\n<div class=\"wpforms-container wpforms-container-full\" id=\"wpforms-1892\"><form id=\"wpforms-form-1892\" class=\"wpforms-validate wpforms-form\" data-formid=\"1892\" method=\"post\" enctype=\"multipart\/form-data\" action=\"\/index.php?rest_route=%2Fwp%2Fv2%2Fpages%2F1893\" data-token=\"bb7ff90a2dd89df73362995e2bbe97dc\" data-token-time=\"1776910921\"><noscript class=\"wpforms-error-noscript\">Veuillez activer JavaScript dans votre navigateur pour remplir ce formulaire.<\/noscript><div class=\"wpforms-field-container\"><div id=\"wpforms-1892-field_6-container\" class=\"wpforms-field wpforms-field-radio\" data-field-id=\"6\"><label class=\"wpforms-field-label\">Soort verzekering <span class=\"wpforms-required-label\">*<\/span><\/label><ul id=\"wpforms-1892-field_6\" class=\"wpforms-field-required\"><li class=\"choice-1 depth-1\"><input type=\"radio\" id=\"wpforms-1892-field_6_1\" name=\"wpforms[fields][6]\" value=\"Arbeidsongevallen\" required ><label class=\"wpforms-field-label-inline\" for=\"wpforms-1892-field_6_1\">Arbeidsongevallen<\/label><\/li><li class=\"choice-2 depth-1\"><input type=\"radio\" id=\"wpforms-1892-field_6_2\" name=\"wpforms[fields][6]\" value=\"Persoonlijke ongevallen\" required ><label class=\"wpforms-field-label-inline\" for=\"wpforms-1892-field_6_2\">Persoonlijke ongevallen<\/label><\/li><li class=\"choice-3 depth-1\"><input type=\"radio\" id=\"wpforms-1892-field_6_3\" name=\"wpforms[fields][6]\" value=\"Ongevallen 24\/24\" required ><label class=\"wpforms-field-label-inline\" for=\"wpforms-1892-field_6_3\">Ongevallen 24\/24<\/label><\/li><li class=\"choice-4 depth-1\"><input type=\"radio\" id=\"wpforms-1892-field_6_4\" name=\"wpforms[fields][6]\" value=\"Ziekenhuisopname\" required ><label class=\"wpforms-field-label-inline\" for=\"wpforms-1892-field_6_4\">Ziekenhuisopname<\/label><\/li><li class=\"choice-6 depth-1\"><input type=\"radio\" id=\"wpforms-1892-field_6_6\" name=\"wpforms[fields][6]\" value=\"Bijstand\" required ><label class=\"wpforms-field-label-inline\" for=\"wpforms-1892-field_6_6\">Bijstand<\/label><\/li><li class=\"choice-5 depth-1\"><input type=\"radio\" id=\"wpforms-1892-field_6_5\" name=\"wpforms[fields][6]\" value=\"Gegarandeerd inkomen\" required ><label class=\"wpforms-field-label-inline\" for=\"wpforms-1892-field_6_5\">Gegarandeerd inkomen<\/label><\/li><\/ul><\/div><div id=\"wpforms-1892-field_9-container\" class=\"wpforms-field wpforms-field-text\" data-field-id=\"9\"><label class=\"wpforms-field-label\" for=\"wpforms-1892-field_9\">Naam <span class=\"wpforms-required-label\">*<\/span><\/label><input type=\"text\" id=\"wpforms-1892-field_9\" class=\"wpforms-field-medium wpforms-field-required\" name=\"wpforms[fields][9]\" required><\/div><div id=\"wpforms-1892-field_8-container\" class=\"wpforms-field wpforms-field-text\" data-field-id=\"8\"><label class=\"wpforms-field-label\" for=\"wpforms-1892-field_8\">Voornaam <span class=\"wpforms-required-label\">*<\/span><\/label><input type=\"text\" id=\"wpforms-1892-field_8\" class=\"wpforms-field-medium wpforms-field-required\" name=\"wpforms[fields][8]\" required><\/div><div id=\"wpforms-1892-field_7-container\" class=\"wpforms-field wpforms-field-text\" data-field-id=\"7\"><label class=\"wpforms-field-label\" for=\"wpforms-1892-field_7\">Adres <span class=\"wpforms-required-label\">*<\/span><\/label><input type=\"text\" id=\"wpforms-1892-field_7\" class=\"wpforms-field-large wpforms-field-required\" name=\"wpforms[fields][7]\" required><\/div><div id=\"wpforms-1892-field_5-container\" class=\"wpforms-field wpforms-field-email\" data-field-id=\"5\"><label class=\"wpforms-field-label\" for=\"wpforms-1892-field_5\">E-mail <span class=\"wpforms-required-label\">*<\/span><\/label><input type=\"email\" id=\"wpforms-1892-field_5\" class=\"wpforms-field-medium wpforms-field-required\" name=\"wpforms[fields][5]\" spellcheck=\"false\" required><\/div><div id=\"wpforms-1892-field_2-container\" class=\"wpforms-field wpforms-field-text\" data-field-id=\"2\"><label class=\"wpforms-field-label\" for=\"wpforms-1892-field_2\">Telefoonnummer <span class=\"wpforms-required-label\">*<\/span><\/label><input type=\"text\" id=\"wpforms-1892-field_2\" class=\"wpforms-field-medium wpforms-field-required\" name=\"wpforms[fields][2]\" required><\/div><\/div><!-- .wpforms-field-container --><div class=\"wpforms-field wpforms-field-hp\"><label for=\"wpforms-1892-field-hp\" class=\"wpforms-field-label\">Message<\/label><input type=\"text\" name=\"wpforms[hp]\" id=\"wpforms-1892-field-hp\" class=\"wpforms-field-medium\"><\/div><div class=\"wpforms-submit-container\" ><input type=\"hidden\" name=\"wpforms[id]\" value=\"1892\"><input type=\"hidden\" name=\"page_title\" value=\"\"><input type=\"hidden\" name=\"page_url\" value=\"https:\/\/abcinsurance.be\/index.php?rest_route=\/wp\/v2\/pages\/1893\"><button type=\"submit\" name=\"wpforms[submit]\" id=\"wpforms-submit-1892\" class=\"wpforms-submit\" data-alt-text=\"verzendt...\" data-submit-text=\"Verzenden\" aria-live=\"assertive\" value=\"wpforms-submit\">Verzenden<\/button><\/div><\/form><\/div>  <!-- .wpforms-container -->\n<hr \/>\n<p>&nbsp;<\/p>\n","protected":false},"excerpt":{"rendered":"<p>Het afsluiten van een verzekering voor bedrijven en de mensen die ermee geassocieerd zijn, is essentieel om verschillende redenen. Deze verzekeringen bieden financi\u00eble bescherming tegen diverse risico&rsquo;s en onverwachte gebeurtenissen die nadelige gevolgen kunnen hebben voor het bedrijf en de betrokken individuen. Vraag ons om de beste aanbieding door het onderstaande formulier in te vullen. [&hellip;]<\/p>\n","protected":false},"author":1,"featured_media":0,"parent":0,"menu_order":0,"comment_status":"closed","ping_status":"closed","template":"template-content-with-sidebar.php","meta":{"footnotes":""},"yoast_head":"<!-- This site is optimized with the Yoast SEO plugin v22.9 - https:\/\/yoast.com\/wordpress\/plugins\/seo\/ -->\n<title>Personenverzekering - ABC Insurance<\/title>\n<meta name=\"robots\" content=\"noindex, follow, max-snippet:-1, max-image-preview:large, max-video-preview:-1\" \/>\n<meta property=\"og:locale\" content=\"fr_FR\" \/>\n<meta property=\"og:type\" content=\"article\" \/>\n<meta property=\"og:title\" content=\"Personenverzekering - ABC Insurance\" \/>\n<meta property=\"og:description\" content=\"Het afsluiten van een verzekering voor bedrijven en de mensen die ermee geassocieerd zijn, is essentieel om verschillende redenen. Deze verzekeringen bieden financi\u00eble bescherming tegen diverse risico&rsquo;s en onverwachte gebeurtenissen die nadelige gevolgen kunnen hebben voor het bedrijf en de betrokken individuen. Vraag ons om de beste aanbieding door het onderstaande formulier in te vullen. [&hellip;]\" \/>\n<meta property=\"og:url\" content=\"https:\/\/abcinsurance.be\/?page_id=1893&amp;lang=nl\" \/>\n<meta property=\"og:site_name\" content=\"ABC Insurance\" \/>\n<meta property=\"article:publisher\" content=\"https:\/\/www.facebook.com\/ABC-Insurance-295909420597378\" \/>\n<meta property=\"article:modified_time\" content=\"2024-02-18T15:57:34+00:00\" \/>\n<meta name=\"twitter:card\" content=\"summary_large_image\" \/>\n<meta name=\"twitter:site\" content=\"@ABCWEMMEL\" \/>\n<meta name=\"twitter:label1\" content=\"Dur\u00e9e de lecture estim\u00e9e\" \/>\n\t<meta name=\"twitter:data1\" content=\"1 minute\" \/>\n<script type=\"application\/ld+json\" class=\"yoast-schema-graph\">{\"@context\":\"https:\/\/schema.org\",\"@graph\":[{\"@type\":\"WebPage\",\"@id\":\"https:\/\/abcinsurance.be\/?page_id=1893&lang=nl\",\"url\":\"https:\/\/abcinsurance.be\/?page_id=1893&lang=nl\",\"name\":\"Personenverzekering - ABC Insurance\",\"isPartOf\":{\"@id\":\"https:\/\/abcinsurance.be\/#website\"},\"datePublished\":\"2019-06-25T15:54:23+00:00\",\"dateModified\":\"2024-02-18T15:57:34+00:00\",\"breadcrumb\":{\"@id\":\"https:\/\/abcinsurance.be\/?page_id=1893&lang=nl#breadcrumb\"},\"inLanguage\":\"fr-FR\",\"potentialAction\":[{\"@type\":\"ReadAction\",\"target\":[\"https:\/\/abcinsurance.be\/?page_id=1893&lang=nl\"]}]},{\"@type\":\"BreadcrumbList\",\"@id\":\"https:\/\/abcinsurance.be\/?page_id=1893&lang=nl#breadcrumb\",\"itemListElement\":[{\"@type\":\"ListItem\",\"position\":1,\"name\":\"Accueil\",\"item\":\"https:\/\/abcinsurance.be\/\"},{\"@type\":\"ListItem\",\"position\":2,\"name\":\"Personenverzekering\"}]},{\"@type\":\"WebSite\",\"@id\":\"https:\/\/abcinsurance.be\/#website\",\"url\":\"https:\/\/abcinsurance.be\/\",\"name\":\"ABC Insurance\",\"description\":\"Etre votre r\u00e9f\u00e9rence en assurances sera notre r\u00e9compence\",\"potentialAction\":[{\"@type\":\"SearchAction\",\"target\":{\"@type\":\"EntryPoint\",\"urlTemplate\":\"https:\/\/abcinsurance.be\/?s={search_term_string}\"},\"query-input\":\"required name=search_term_string\"}],\"inLanguage\":\"fr-FR\"}]}<\/script>\n<!-- \/ Yoast SEO plugin. -->","yoast_head_json":{"title":"Personenverzekering - ABC Insurance","robots":{"index":"noindex","follow":"follow","max-snippet":"max-snippet:-1","max-image-preview":"max-image-preview:large","max-video-preview":"max-video-preview:-1"},"og_locale":"fr_FR","og_type":"article","og_title":"Personenverzekering - ABC Insurance","og_description":"Het afsluiten van een verzekering voor bedrijven en de mensen die ermee geassocieerd zijn, is essentieel om verschillende redenen. Deze verzekeringen bieden financi\u00eble bescherming tegen diverse risico&rsquo;s en onverwachte gebeurtenissen die nadelige gevolgen kunnen hebben voor het bedrijf en de betrokken individuen. Vraag ons om de beste aanbieding door het onderstaande formulier in te vullen. [&hellip;]","og_url":"https:\/\/abcinsurance.be\/?page_id=1893&lang=nl","og_site_name":"ABC Insurance","article_publisher":"https:\/\/www.facebook.com\/ABC-Insurance-295909420597378","article_modified_time":"2024-02-18T15:57:34+00:00","twitter_card":"summary_large_image","twitter_site":"@ABCWEMMEL","twitter_misc":{"Dur\u00e9e de lecture estim\u00e9e":"1 minute"},"schema":{"@context":"https:\/\/schema.org","@graph":[{"@type":"WebPage","@id":"https:\/\/abcinsurance.be\/?page_id=1893&lang=nl","url":"https:\/\/abcinsurance.be\/?page_id=1893&lang=nl","name":"Personenverzekering - ABC Insurance","isPartOf":{"@id":"https:\/\/abcinsurance.be\/#website"},"datePublished":"2019-06-25T15:54:23+00:00","dateModified":"2024-02-18T15:57:34+00:00","breadcrumb":{"@id":"https:\/\/abcinsurance.be\/?page_id=1893&lang=nl#breadcrumb"},"inLanguage":"fr-FR","potentialAction":[{"@type":"ReadAction","target":["https:\/\/abcinsurance.be\/?page_id=1893&lang=nl"]}]},{"@type":"BreadcrumbList","@id":"https:\/\/abcinsurance.be\/?page_id=1893&lang=nl#breadcrumb","itemListElement":[{"@type":"ListItem","position":1,"name":"Accueil","item":"https:\/\/abcinsurance.be\/"},{"@type":"ListItem","position":2,"name":"Personenverzekering"}]},{"@type":"WebSite","@id":"https:\/\/abcinsurance.be\/#website","url":"https:\/\/abcinsurance.be\/","name":"ABC Insurance","description":"Etre votre r\u00e9f\u00e9rence en assurances sera notre r\u00e9compence","potentialAction":[{"@type":"SearchAction","target":{"@type":"EntryPoint","urlTemplate":"https:\/\/abcinsurance.be\/?s={search_term_string}"},"query-input":"required name=search_term_string"}],"inLanguage":"fr-FR"}]}},"jetpack_sharing_enabled":true,"_links":{"self":[{"href":"https:\/\/abcinsurance.be\/index.php?rest_route=\/wp\/v2\/pages\/1893"}],"collection":[{"href":"https:\/\/abcinsurance.be\/index.php?rest_route=\/wp\/v2\/pages"}],"about":[{"href":"https:\/\/abcinsurance.be\/index.php?rest_route=\/wp\/v2\/types\/page"}],"author":[{"embeddable":true,"href":"https:\/\/abcinsurance.be\/index.php?rest_route=\/wp\/v2\/users\/1"}],"replies":[{"embeddable":true,"href":"https:\/\/abcinsurance.be\/index.php?rest_route=%2Fwp%2Fv2%2Fcomments&post=1893"}],"version-history":[{"count":6,"href":"https:\/\/abcinsurance.be\/index.php?rest_route=\/wp\/v2\/pages\/1893\/revisions"}],"predecessor-version":[{"id":2395,"href":"https:\/\/abcinsurance.be\/index.php?rest_route=\/wp\/v2\/pages\/1893\/revisions\/2395"}],"wp:attachment":[{"href":"https:\/\/abcinsurance.be\/index.php?rest_route=%2Fwp%2Fv2%2Fmedia&parent=1893"}],"curies":[{"name":"wp","href":"https:\/\/api.w.org\/{rel}","templated":true}]}}