{"id":1898,"date":"2019-06-25T18:00:58","date_gmt":"2019-06-25T16:00:58","guid":{"rendered":"https:\/\/abcinsurance.be\/?page_id=1898"},"modified":"2024-02-19T14:36:16","modified_gmt":"2024-02-19T13:36:16","slug":"burgerrechtelijke-aansprakelijkheid","status":"publish","type":"page","link":"https:\/\/abcinsurance.be\/?page_id=1898&lang=nl","title":{"rendered":"Burgerrechtelijke aansprakelijkheid"},"content":{"rendered":"<h4>Het afsluiten van een aansprakelijkheidsverzekering voor bedrijven is essentieel om verschillende redenen, en het biedt cruciale financi\u00eble bescherming tegen de risico&rsquo;s en aansprakelijkheden die gepaard gaan met zakelijke activiteiten.<\/h4>\n<h4>het afsluiten van een aansprakelijkheidsverzekering voor bedrijven is een belangrijk aspect van het beheer van zakelijke risico&rsquo;s, waardoor financi\u00eble bescherming wordt geboden tegen aansprakelijkheden en kosten die verband houden met claims van derden. Het kiezen van een dekking die is afgestemd op de specifieke activiteiten van het bedrijf is een belangrijke stap om de continu\u00efteit te waarborgen.<\/h4>\n<h4>Vraag ons om de beste aanbieding door het onderstaande formulier in te vullen. We nemen zo snel mogelijk contact met u op.<\/h4>\n<hr \/>\n<h4><div class=\"wpforms-container wpforms-container-full\" id=\"wpforms-1897\"><form id=\"wpforms-form-1897\" class=\"wpforms-validate wpforms-form\" data-formid=\"1897\" method=\"post\" enctype=\"multipart\/form-data\" action=\"\/index.php?rest_route=%2Fwp%2Fv2%2Fpages%2F1898\" data-token=\"f2229e735fd54eb8bda42bcb043582d7\" data-token-time=\"1776894723\"><noscript class=\"wpforms-error-noscript\">Veuillez activer JavaScript dans votre navigateur pour remplir ce formulaire.<\/noscript><div class=\"wpforms-field-container\"><div id=\"wpforms-1897-field_6-container\" class=\"wpforms-field wpforms-field-radio\" data-field-id=\"6\"><label class=\"wpforms-field-label\">Soort verzekering <span class=\"wpforms-required-label\">*<\/span><\/label><ul id=\"wpforms-1897-field_6\" class=\"wpforms-field-required\"><li class=\"choice-4 depth-1\"><input type=\"radio\" id=\"wpforms-1897-field_6_4\" name=\"wpforms[fields][6]\" value=\"BA Ondernemingen\" required ><label class=\"wpforms-field-label-inline\" for=\"wpforms-1897-field_6_4\">BA Ondernemingen<\/label><\/li><li class=\"choice-6 depth-1\"><input type=\"radio\" id=\"wpforms-1897-field_6_6\" name=\"wpforms[fields][6]\" value=\"BA Bestuurders\" required ><label class=\"wpforms-field-label-inline\" for=\"wpforms-1897-field_6_6\">BA Bestuurders<\/label><\/li><li class=\"choice-5 depth-1\"><input type=\"radio\" id=\"wpforms-1897-field_6_5\" name=\"wpforms[fields][6]\" value=\"Objectieve aansprakelijkheid\" required ><label class=\"wpforms-field-label-inline\" for=\"wpforms-1897-field_6_5\">Objectieve aansprakelijkheid<\/label><\/li><\/ul><\/div><div id=\"wpforms-1897-field_9-container\" class=\"wpforms-field wpforms-field-text\" data-field-id=\"9\"><label class=\"wpforms-field-label\" for=\"wpforms-1897-field_9\">Naam <span class=\"wpforms-required-label\">*<\/span><\/label><input type=\"text\" id=\"wpforms-1897-field_9\" class=\"wpforms-field-medium wpforms-field-required\" name=\"wpforms[fields][9]\" required><\/div><div id=\"wpforms-1897-field_8-container\" class=\"wpforms-field wpforms-field-text\" data-field-id=\"8\"><label class=\"wpforms-field-label\" for=\"wpforms-1897-field_8\">Voornaam <span class=\"wpforms-required-label\">*<\/span><\/label><input type=\"text\" id=\"wpforms-1897-field_8\" class=\"wpforms-field-medium wpforms-field-required\" name=\"wpforms[fields][8]\" required><\/div><div id=\"wpforms-1897-field_7-container\" class=\"wpforms-field wpforms-field-text\" data-field-id=\"7\"><label class=\"wpforms-field-label\" for=\"wpforms-1897-field_7\">Adres <span class=\"wpforms-required-label\">*<\/span><\/label><input type=\"text\" id=\"wpforms-1897-field_7\" class=\"wpforms-field-large wpforms-field-required\" name=\"wpforms[fields][7]\" required><\/div><div id=\"wpforms-1897-field_5-container\" class=\"wpforms-field wpforms-field-email\" data-field-id=\"5\"><label class=\"wpforms-field-label\" for=\"wpforms-1897-field_5\">E-mail <span class=\"wpforms-required-label\">*<\/span><\/label><input type=\"email\" id=\"wpforms-1897-field_5\" class=\"wpforms-field-medium wpforms-field-required\" name=\"wpforms[fields][5]\" spellcheck=\"false\" required><\/div><div id=\"wpforms-1897-field_2-container\" class=\"wpforms-field wpforms-field-text\" data-field-id=\"2\"><label class=\"wpforms-field-label\" for=\"wpforms-1897-field_2\">Telefoonnummer <span class=\"wpforms-required-label\">*<\/span><\/label><input type=\"text\" id=\"wpforms-1897-field_2\" class=\"wpforms-field-medium wpforms-field-required\" name=\"wpforms[fields][2]\" required><\/div><\/div><!-- .wpforms-field-container --><div class=\"wpforms-field wpforms-field-hp\"><label for=\"wpforms-1897-field-hp\" class=\"wpforms-field-label\">Message<\/label><input type=\"text\" name=\"wpforms[hp]\" id=\"wpforms-1897-field-hp\" class=\"wpforms-field-medium\"><\/div><div class=\"wpforms-submit-container\" ><input type=\"hidden\" name=\"wpforms[id]\" value=\"1897\"><input type=\"hidden\" name=\"page_title\" value=\"\"><input type=\"hidden\" name=\"page_url\" value=\"https:\/\/abcinsurance.be\/index.php?rest_route=\/wp\/v2\/pages\/1898\"><button type=\"submit\" name=\"wpforms[submit]\" id=\"wpforms-submit-1897\" class=\"wpforms-submit\" data-alt-text=\"verzendt...\" data-submit-text=\"Verzenden\" aria-live=\"assertive\" value=\"wpforms-submit\">Verzenden<\/button><\/div><\/form><\/div>  <!-- .wpforms-container --><\/h4>\n","protected":false},"excerpt":{"rendered":"<p>Het afsluiten van een aansprakelijkheidsverzekering voor bedrijven is essentieel om verschillende redenen, en het biedt cruciale financi\u00eble bescherming tegen de risico&rsquo;s en aansprakelijkheden die gepaard gaan met zakelijke activiteiten. het afsluiten van een aansprakelijkheidsverzekering voor bedrijven is een belangrijk aspect van het beheer van zakelijke risico&rsquo;s, waardoor financi\u00eble bescherming wordt geboden tegen aansprakelijkheden en kosten [&hellip;]<\/p>\n","protected":false},"author":1,"featured_media":0,"parent":0,"menu_order":0,"comment_status":"closed","ping_status":"closed","template":"template-content-with-sidebar.php","meta":{"footnotes":""},"yoast_head":"<!-- This site is optimized with the Yoast SEO plugin v22.9 - https:\/\/yoast.com\/wordpress\/plugins\/seo\/ -->\n<title>Burgerrechtelijke aansprakelijkheid - ABC Insurance<\/title>\n<meta name=\"description\" content=\"financi\u00eble bescherming tegen de risico&#039;s en aansprakelijkheden die gepaard gaan met zakelijke activiteiten.\" \/>\n<meta name=\"robots\" content=\"noindex, follow, max-snippet:-1, max-image-preview:large, max-video-preview:-1\" \/>\n<meta property=\"og:locale\" content=\"fr_FR\" \/>\n<meta property=\"og:type\" content=\"article\" \/>\n<meta property=\"og:title\" content=\"Burgerrechtelijke aansprakelijkheid - ABC Insurance\" \/>\n<meta property=\"og:description\" content=\"financi\u00eble bescherming tegen de risico&#039;s en aansprakelijkheden die gepaard gaan met zakelijke activiteiten.\" \/>\n<meta property=\"og:url\" content=\"https:\/\/abcinsurance.be\/?page_id=1898&amp;lang=nl\" \/>\n<meta property=\"og:site_name\" content=\"ABC Insurance\" \/>\n<meta property=\"article:publisher\" content=\"https:\/\/www.facebook.com\/ABC-Insurance-295909420597378\" \/>\n<meta property=\"article:modified_time\" content=\"2024-02-19T13:36:16+00:00\" \/>\n<meta name=\"twitter:card\" content=\"summary_large_image\" \/>\n<meta name=\"twitter:site\" content=\"@ABCWEMMEL\" \/>\n<meta name=\"twitter:label1\" content=\"Dur\u00e9e de lecture estim\u00e9e\" \/>\n\t<meta name=\"twitter:data1\" content=\"1 minute\" \/>\n<script type=\"application\/ld+json\" class=\"yoast-schema-graph\">{\"@context\":\"https:\/\/schema.org\",\"@graph\":[{\"@type\":\"WebPage\",\"@id\":\"https:\/\/abcinsurance.be\/?page_id=1898&lang=nl\",\"url\":\"https:\/\/abcinsurance.be\/?page_id=1898&lang=nl\",\"name\":\"Burgerrechtelijke aansprakelijkheid - ABC Insurance\",\"isPartOf\":{\"@id\":\"https:\/\/abcinsurance.be\/#website\"},\"datePublished\":\"2019-06-25T16:00:58+00:00\",\"dateModified\":\"2024-02-19T13:36:16+00:00\",\"description\":\"financi\u00eble bescherming tegen de risico's en aansprakelijkheden die gepaard gaan met zakelijke activiteiten.\",\"breadcrumb\":{\"@id\":\"https:\/\/abcinsurance.be\/?page_id=1898&lang=nl#breadcrumb\"},\"inLanguage\":\"fr-FR\",\"potentialAction\":[{\"@type\":\"ReadAction\",\"target\":[\"https:\/\/abcinsurance.be\/?page_id=1898&lang=nl\"]}]},{\"@type\":\"BreadcrumbList\",\"@id\":\"https:\/\/abcinsurance.be\/?page_id=1898&lang=nl#breadcrumb\",\"itemListElement\":[{\"@type\":\"ListItem\",\"position\":1,\"name\":\"Accueil\",\"item\":\"https:\/\/abcinsurance.be\/\"},{\"@type\":\"ListItem\",\"position\":2,\"name\":\"Burgerrechtelijke aansprakelijkheid\"}]},{\"@type\":\"WebSite\",\"@id\":\"https:\/\/abcinsurance.be\/#website\",\"url\":\"https:\/\/abcinsurance.be\/\",\"name\":\"ABC Insurance\",\"description\":\"Etre votre r\u00e9f\u00e9rence en assurances sera notre r\u00e9compence\",\"potentialAction\":[{\"@type\":\"SearchAction\",\"target\":{\"@type\":\"EntryPoint\",\"urlTemplate\":\"https:\/\/abcinsurance.be\/?s={search_term_string}\"},\"query-input\":\"required name=search_term_string\"}],\"inLanguage\":\"fr-FR\"}]}<\/script>\n<!-- \/ Yoast SEO plugin. -->","yoast_head_json":{"title":"Burgerrechtelijke aansprakelijkheid - ABC Insurance","description":"financi\u00eble bescherming tegen de risico's en aansprakelijkheden die gepaard gaan met zakelijke activiteiten.","robots":{"index":"noindex","follow":"follow","max-snippet":"max-snippet:-1","max-image-preview":"max-image-preview:large","max-video-preview":"max-video-preview:-1"},"og_locale":"fr_FR","og_type":"article","og_title":"Burgerrechtelijke aansprakelijkheid - ABC Insurance","og_description":"financi\u00eble bescherming tegen de risico's en aansprakelijkheden die gepaard gaan met zakelijke activiteiten.","og_url":"https:\/\/abcinsurance.be\/?page_id=1898&lang=nl","og_site_name":"ABC Insurance","article_publisher":"https:\/\/www.facebook.com\/ABC-Insurance-295909420597378","article_modified_time":"2024-02-19T13:36:16+00:00","twitter_card":"summary_large_image","twitter_site":"@ABCWEMMEL","twitter_misc":{"Dur\u00e9e de lecture estim\u00e9e":"1 minute"},"schema":{"@context":"https:\/\/schema.org","@graph":[{"@type":"WebPage","@id":"https:\/\/abcinsurance.be\/?page_id=1898&lang=nl","url":"https:\/\/abcinsurance.be\/?page_id=1898&lang=nl","name":"Burgerrechtelijke aansprakelijkheid - ABC Insurance","isPartOf":{"@id":"https:\/\/abcinsurance.be\/#website"},"datePublished":"2019-06-25T16:00:58+00:00","dateModified":"2024-02-19T13:36:16+00:00","description":"financi\u00eble bescherming tegen de risico's en aansprakelijkheden die gepaard gaan met zakelijke activiteiten.","breadcrumb":{"@id":"https:\/\/abcinsurance.be\/?page_id=1898&lang=nl#breadcrumb"},"inLanguage":"fr-FR","potentialAction":[{"@type":"ReadAction","target":["https:\/\/abcinsurance.be\/?page_id=1898&lang=nl"]}]},{"@type":"BreadcrumbList","@id":"https:\/\/abcinsurance.be\/?page_id=1898&lang=nl#breadcrumb","itemListElement":[{"@type":"ListItem","position":1,"name":"Accueil","item":"https:\/\/abcinsurance.be\/"},{"@type":"ListItem","position":2,"name":"Burgerrechtelijke aansprakelijkheid"}]},{"@type":"WebSite","@id":"https:\/\/abcinsurance.be\/#website","url":"https:\/\/abcinsurance.be\/","name":"ABC Insurance","description":"Etre votre r\u00e9f\u00e9rence en assurances sera notre r\u00e9compence","potentialAction":[{"@type":"SearchAction","target":{"@type":"EntryPoint","urlTemplate":"https:\/\/abcinsurance.be\/?s={search_term_string}"},"query-input":"required name=search_term_string"}],"inLanguage":"fr-FR"}]}},"jetpack_sharing_enabled":true,"_links":{"self":[{"href":"https:\/\/abcinsurance.be\/index.php?rest_route=\/wp\/v2\/pages\/1898"}],"collection":[{"href":"https:\/\/abcinsurance.be\/index.php?rest_route=\/wp\/v2\/pages"}],"about":[{"href":"https:\/\/abcinsurance.be\/index.php?rest_route=\/wp\/v2\/types\/page"}],"author":[{"embeddable":true,"href":"https:\/\/abcinsurance.be\/index.php?rest_route=\/wp\/v2\/users\/1"}],"replies":[{"embeddable":true,"href":"https:\/\/abcinsurance.be\/index.php?rest_route=%2Fwp%2Fv2%2Fcomments&post=1898"}],"version-history":[{"count":5,"href":"https:\/\/abcinsurance.be\/index.php?rest_route=\/wp\/v2\/pages\/1898\/revisions"}],"predecessor-version":[{"id":2450,"href":"https:\/\/abcinsurance.be\/index.php?rest_route=\/wp\/v2\/pages\/1898\/revisions\/2450"}],"wp:attachment":[{"href":"https:\/\/abcinsurance.be\/index.php?rest_route=%2Fwp%2Fv2%2Fmedia&parent=1898"}],"curies":[{"name":"wp","href":"https:\/\/api.w.org\/{rel}","templated":true}]}}