{"id":2502,"date":"2024-10-29T16:59:58","date_gmt":"2024-10-29T15:59:58","guid":{"rendered":"https:\/\/abcinsurance.be\/?page_id=2502"},"modified":"2025-02-12T14:14:00","modified_gmt":"2025-02-12T13:14:00","slug":"hypothecaire-kredieten","status":"publish","type":"page","link":"https:\/\/abcinsurance.be\/?page_id=2502&lang=nl","title":{"rendered":"Hypothecaire kredieten"},"content":{"rendered":"<p>Wij zijn niet alleen een onafhankelijke verzekeringsmakelaar, maar ook uw kredietadviseur vanaf heden.<\/p>\n<p>&nbsp;<\/p>\n<p>Vergeet niet vooraf een afspraak te maken, zodat we u optimaal kunnen helpen.<\/p>\n<p>&nbsp;<\/p>\n<p>Let op: geld lenen kost ook geld.<\/p>\n<p><img loading=\"lazy\" decoding=\"async\" class=\"alignnone  wp-image-2583\" src=\"https:\/\/abcinsurance.be\/wp-content\/uploads\/2025\/02\/kredietmakelaar_visual_6-scaled.jpg\" alt=\"\" width=\"674\" height=\"449\" srcset=\"https:\/\/abcinsurance.be\/wp-content\/uploads\/2025\/02\/kredietmakelaar_visual_6-scaled.jpg 2560w, https:\/\/abcinsurance.be\/wp-content\/uploads\/2025\/02\/kredietmakelaar_visual_6-300x200.jpg 300w, https:\/\/abcinsurance.be\/wp-content\/uploads\/2025\/02\/kredietmakelaar_visual_6-1024x683.jpg 1024w, https:\/\/abcinsurance.be\/wp-content\/uploads\/2025\/02\/kredietmakelaar_visual_6-768x512.jpg 768w, https:\/\/abcinsurance.be\/wp-content\/uploads\/2025\/02\/kredietmakelaar_visual_6-1536x1024.jpg 1536w, https:\/\/abcinsurance.be\/wp-content\/uploads\/2025\/02\/kredietmakelaar_visual_6-2048x1365.jpg 2048w, https:\/\/abcinsurance.be\/wp-content\/uploads\/2025\/02\/kredietmakelaar_visual_6-600x400.jpg 600w, https:\/\/abcinsurance.be\/wp-content\/uploads\/2025\/02\/kredietmakelaar_visual_6-958x639.jpg 958w, https:\/\/abcinsurance.be\/wp-content\/uploads\/2025\/02\/kredietmakelaar_visual_6-272x182.jpg 272w\" sizes=\"(max-width: 674px) 100vw, 674px\" \/><\/p>\n","protected":false},"excerpt":{"rendered":"<p>Wij zijn niet alleen een onafhankelijke verzekeringsmakelaar, maar ook uw kredietadviseur vanaf heden. &nbsp; Vergeet niet vooraf een afspraak te maken, zodat we u optimaal kunnen helpen. &nbsp; Let op: geld lenen kost ook geld.<\/p>\n","protected":false},"author":1,"featured_media":0,"parent":0,"menu_order":0,"comment_status":"closed","ping_status":"closed","template":"","meta":{"footnotes":""},"yoast_head":"<!-- This site is optimized with the Yoast SEO plugin v22.9 - https:\/\/yoast.com\/wordpress\/plugins\/seo\/ -->\n<title>Hypothecaire kredieten - ABC Insurance<\/title>\n<meta name=\"robots\" content=\"noindex, follow, max-snippet:-1, max-image-preview:large, max-video-preview:-1\" \/>\n<meta property=\"og:locale\" content=\"fr_FR\" \/>\n<meta property=\"og:type\" content=\"article\" \/>\n<meta property=\"og:title\" content=\"Hypothecaire kredieten - ABC Insurance\" \/>\n<meta property=\"og:description\" content=\"Wij zijn niet alleen een onafhankelijke verzekeringsmakelaar, maar ook uw kredietadviseur vanaf heden. &nbsp; Vergeet niet vooraf een afspraak te maken, zodat we u optimaal kunnen helpen. &nbsp; Let op: geld lenen kost ook geld.\" \/>\n<meta property=\"og:url\" content=\"https:\/\/abcinsurance.be\/?page_id=2502&amp;lang=nl\" \/>\n<meta property=\"og:site_name\" content=\"ABC Insurance\" \/>\n<meta property=\"article:publisher\" content=\"https:\/\/www.facebook.com\/ABC-Insurance-295909420597378\" \/>\n<meta property=\"article:modified_time\" content=\"2025-02-12T13:14:00+00:00\" \/>\n<meta property=\"og:image\" content=\"https:\/\/abcinsurance.be\/wp-content\/uploads\/2025\/02\/kredietmakelaar_visual_6-scaled.jpg\" \/>\n<meta name=\"twitter:card\" content=\"summary_large_image\" \/>\n<meta name=\"twitter:site\" content=\"@ABCWEMMEL\" \/>\n<meta name=\"twitter:label1\" content=\"Dur\u00e9e de lecture estim\u00e9e\" \/>\n\t<meta name=\"twitter:data1\" content=\"1 minute\" \/>\n<script type=\"application\/ld+json\" class=\"yoast-schema-graph\">{\"@context\":\"https:\/\/schema.org\",\"@graph\":[{\"@type\":\"WebPage\",\"@id\":\"https:\/\/abcinsurance.be\/?page_id=2502&lang=nl\",\"url\":\"https:\/\/abcinsurance.be\/?page_id=2502&lang=nl\",\"name\":\"Hypothecaire kredieten - ABC Insurance\",\"isPartOf\":{\"@id\":\"https:\/\/abcinsurance.be\/#website\"},\"primaryImageOfPage\":{\"@id\":\"https:\/\/abcinsurance.be\/?page_id=2502&lang=nl#primaryimage\"},\"image\":{\"@id\":\"https:\/\/abcinsurance.be\/?page_id=2502&lang=nl#primaryimage\"},\"thumbnailUrl\":\"https:\/\/abcinsurance.be\/wp-content\/uploads\/2025\/02\/kredietmakelaar_visual_6-scaled.jpg\",\"datePublished\":\"2024-10-29T15:59:58+00:00\",\"dateModified\":\"2025-02-12T13:14:00+00:00\",\"breadcrumb\":{\"@id\":\"https:\/\/abcinsurance.be\/?page_id=2502&lang=nl#breadcrumb\"},\"inLanguage\":\"fr-FR\",\"potentialAction\":[{\"@type\":\"ReadAction\",\"target\":[\"https:\/\/abcinsurance.be\/?page_id=2502&lang=nl\"]}]},{\"@type\":\"ImageObject\",\"inLanguage\":\"fr-FR\",\"@id\":\"https:\/\/abcinsurance.be\/?page_id=2502&lang=nl#primaryimage\",\"url\":\"https:\/\/abcinsurance.be\/wp-content\/uploads\/2025\/02\/kredietmakelaar_visual_6-scaled.jpg\",\"contentUrl\":\"https:\/\/abcinsurance.be\/wp-content\/uploads\/2025\/02\/kredietmakelaar_visual_6-scaled.jpg\",\"width\":2560,\"height\":1706},{\"@type\":\"BreadcrumbList\",\"@id\":\"https:\/\/abcinsurance.be\/?page_id=2502&lang=nl#breadcrumb\",\"itemListElement\":[{\"@type\":\"ListItem\",\"position\":1,\"name\":\"Accueil\",\"item\":\"https:\/\/abcinsurance.be\/\"},{\"@type\":\"ListItem\",\"position\":2,\"name\":\"Hypothecaire kredieten\"}]},{\"@type\":\"WebSite\",\"@id\":\"https:\/\/abcinsurance.be\/#website\",\"url\":\"https:\/\/abcinsurance.be\/\",\"name\":\"ABC Insurance\",\"description\":\"Etre votre r\u00e9f\u00e9rence en assurances sera notre r\u00e9compence\",\"potentialAction\":[{\"@type\":\"SearchAction\",\"target\":{\"@type\":\"EntryPoint\",\"urlTemplate\":\"https:\/\/abcinsurance.be\/?s={search_term_string}\"},\"query-input\":\"required name=search_term_string\"}],\"inLanguage\":\"fr-FR\"}]}<\/script>\n<!-- \/ Yoast SEO plugin. -->","yoast_head_json":{"title":"Hypothecaire kredieten - ABC Insurance","robots":{"index":"noindex","follow":"follow","max-snippet":"max-snippet:-1","max-image-preview":"max-image-preview:large","max-video-preview":"max-video-preview:-1"},"og_locale":"fr_FR","og_type":"article","og_title":"Hypothecaire kredieten - ABC Insurance","og_description":"Wij zijn niet alleen een onafhankelijke verzekeringsmakelaar, maar ook uw kredietadviseur vanaf heden. &nbsp; Vergeet niet vooraf een afspraak te maken, zodat we u optimaal kunnen helpen. &nbsp; Let op: geld lenen kost ook geld.","og_url":"https:\/\/abcinsurance.be\/?page_id=2502&lang=nl","og_site_name":"ABC Insurance","article_publisher":"https:\/\/www.facebook.com\/ABC-Insurance-295909420597378","article_modified_time":"2025-02-12T13:14:00+00:00","og_image":[{"url":"https:\/\/abcinsurance.be\/wp-content\/uploads\/2025\/02\/kredietmakelaar_visual_6-scaled.jpg"}],"twitter_card":"summary_large_image","twitter_site":"@ABCWEMMEL","twitter_misc":{"Dur\u00e9e de lecture estim\u00e9e":"1 minute"},"schema":{"@context":"https:\/\/schema.org","@graph":[{"@type":"WebPage","@id":"https:\/\/abcinsurance.be\/?page_id=2502&lang=nl","url":"https:\/\/abcinsurance.be\/?page_id=2502&lang=nl","name":"Hypothecaire kredieten - ABC Insurance","isPartOf":{"@id":"https:\/\/abcinsurance.be\/#website"},"primaryImageOfPage":{"@id":"https:\/\/abcinsurance.be\/?page_id=2502&lang=nl#primaryimage"},"image":{"@id":"https:\/\/abcinsurance.be\/?page_id=2502&lang=nl#primaryimage"},"thumbnailUrl":"https:\/\/abcinsurance.be\/wp-content\/uploads\/2025\/02\/kredietmakelaar_visual_6-scaled.jpg","datePublished":"2024-10-29T15:59:58+00:00","dateModified":"2025-02-12T13:14:00+00:00","breadcrumb":{"@id":"https:\/\/abcinsurance.be\/?page_id=2502&lang=nl#breadcrumb"},"inLanguage":"fr-FR","potentialAction":[{"@type":"ReadAction","target":["https:\/\/abcinsurance.be\/?page_id=2502&lang=nl"]}]},{"@type":"ImageObject","inLanguage":"fr-FR","@id":"https:\/\/abcinsurance.be\/?page_id=2502&lang=nl#primaryimage","url":"https:\/\/abcinsurance.be\/wp-content\/uploads\/2025\/02\/kredietmakelaar_visual_6-scaled.jpg","contentUrl":"https:\/\/abcinsurance.be\/wp-content\/uploads\/2025\/02\/kredietmakelaar_visual_6-scaled.jpg","width":2560,"height":1706},{"@type":"BreadcrumbList","@id":"https:\/\/abcinsurance.be\/?page_id=2502&lang=nl#breadcrumb","itemListElement":[{"@type":"ListItem","position":1,"name":"Accueil","item":"https:\/\/abcinsurance.be\/"},{"@type":"ListItem","position":2,"name":"Hypothecaire kredieten"}]},{"@type":"WebSite","@id":"https:\/\/abcinsurance.be\/#website","url":"https:\/\/abcinsurance.be\/","name":"ABC Insurance","description":"Etre votre r\u00e9f\u00e9rence en assurances sera notre r\u00e9compence","potentialAction":[{"@type":"SearchAction","target":{"@type":"EntryPoint","urlTemplate":"https:\/\/abcinsurance.be\/?s={search_term_string}"},"query-input":"required name=search_term_string"}],"inLanguage":"fr-FR"}]}},"jetpack_sharing_enabled":true,"_links":{"self":[{"href":"https:\/\/abcinsurance.be\/index.php?rest_route=\/wp\/v2\/pages\/2502"}],"collection":[{"href":"https:\/\/abcinsurance.be\/index.php?rest_route=\/wp\/v2\/pages"}],"about":[{"href":"https:\/\/abcinsurance.be\/index.php?rest_route=\/wp\/v2\/types\/page"}],"author":[{"embeddable":true,"href":"https:\/\/abcinsurance.be\/index.php?rest_route=\/wp\/v2\/users\/1"}],"replies":[{"embeddable":true,"href":"https:\/\/abcinsurance.be\/index.php?rest_route=%2Fwp%2Fv2%2Fcomments&post=2502"}],"version-history":[{"count":7,"href":"https:\/\/abcinsurance.be\/index.php?rest_route=\/wp\/v2\/pages\/2502\/revisions"}],"predecessor-version":[{"id":2584,"href":"https:\/\/abcinsurance.be\/index.php?rest_route=\/wp\/v2\/pages\/2502\/revisions\/2584"}],"wp:attachment":[{"href":"https:\/\/abcinsurance.be\/index.php?rest_route=%2Fwp%2Fv2%2Fmedia&parent=2502"}],"curies":[{"name":"wp","href":"https:\/\/api.w.org\/{rel}","templated":true}]}}