{"id":2509,"date":"2024-10-29T17:31:11","date_gmt":"2024-10-29T16:31:11","guid":{"rendered":"https:\/\/abcinsurance.be\/?page_id=2509"},"modified":"2024-11-04T15:39:52","modified_gmt":"2024-11-04T14:39:52","slug":"credits-a-la-consommations","status":"publish","type":"page","link":"https:\/\/abcinsurance.be\/?page_id=2509","title":{"rendered":"Cr\u00e9dits a la consommation"},"content":{"rendered":"<p>Chez ABC Insurance, nous proposons d\u00e9sormais des cr\u00e9dits \u00e0 la consommation.<\/p>\n<p>&nbsp;<\/p>\n<p>Un cr\u00e9dit \u00e0 la consommation est un pr\u00eat pour particuliers.<\/p>\n<p>Permettant d&rsquo;acqu\u00e9rir un bien mobilier (comme une voiture ou un t\u00e9l\u00e9viseur)<br \/>\nFinancer un service (par exemple organiser un mariage)<br \/>\nOu couvrir des d\u00e9penses priv\u00e9es (comme le paiement d&rsquo;imp\u00f4ts).<\/p>\n<p>&nbsp;<\/p>\n<p>Pour en savoir plus, n\u2019h\u00e9sitez pas \u00e0 contacter ABC Insurance.<br \/>\nNous sommes l\u00e0 pour vous accompagner dans vos choix financiers.<\/p>\n<p>&nbsp;<\/p>\n<p>Attention: emprunter de l&rsquo;argent co\u00fbte aussi de l&rsquo;argent<br \/>\nEn plus du montant emprunt\u00e9, vous remboursez \u00e9galement des int\u00e9r\u00eats et des frais.<\/p>\n","protected":false},"excerpt":{"rendered":"<p>Chez ABC Insurance, nous proposons d\u00e9sormais des cr\u00e9dits \u00e0 la consommation. &nbsp; Un cr\u00e9dit \u00e0 la consommation est un pr\u00eat pour particuliers. Permettant d&rsquo;acqu\u00e9rir un bien mobilier (comme une voiture ou un t\u00e9l\u00e9viseur) Financer un service (par exemple organiser un mariage) Ou couvrir des d\u00e9penses priv\u00e9es (comme le paiement d&rsquo;imp\u00f4ts). &nbsp; Pour en savoir plus, [&hellip;]<\/p>\n","protected":false},"author":1,"featured_media":0,"parent":0,"menu_order":0,"comment_status":"closed","ping_status":"closed","template":"","meta":{"footnotes":""},"yoast_head":"<!-- This site is optimized with the Yoast SEO plugin v22.9 - https:\/\/yoast.com\/wordpress\/plugins\/seo\/ -->\n<title>Cr\u00e9dits a la consommation - ABC Insurance<\/title>\n<meta name=\"robots\" content=\"noindex, follow, max-snippet:-1, max-image-preview:large, max-video-preview:-1\" \/>\n<meta property=\"og:locale\" content=\"fr_FR\" \/>\n<meta property=\"og:type\" content=\"article\" \/>\n<meta property=\"og:title\" content=\"Cr\u00e9dits a la consommation - ABC Insurance\" \/>\n<meta property=\"og:description\" content=\"Chez ABC Insurance, nous proposons d\u00e9sormais des cr\u00e9dits \u00e0 la consommation. &nbsp; Un cr\u00e9dit \u00e0 la consommation est un pr\u00eat pour particuliers. Permettant d&rsquo;acqu\u00e9rir un bien mobilier (comme une voiture ou un t\u00e9l\u00e9viseur) Financer un service (par exemple organiser un mariage) Ou couvrir des d\u00e9penses priv\u00e9es (comme le paiement d&rsquo;imp\u00f4ts). &nbsp; Pour en savoir plus, [&hellip;]\" \/>\n<meta property=\"og:url\" content=\"https:\/\/abcinsurance.be\/?page_id=2509\" \/>\n<meta property=\"og:site_name\" content=\"ABC Insurance\" \/>\n<meta property=\"article:publisher\" content=\"https:\/\/www.facebook.com\/ABC-Insurance-295909420597378\" \/>\n<meta property=\"article:modified_time\" content=\"2024-11-04T14:39:52+00:00\" \/>\n<meta name=\"twitter:card\" content=\"summary_large_image\" \/>\n<meta name=\"twitter:site\" content=\"@ABCWEMMEL\" \/>\n<meta name=\"twitter:label1\" content=\"Dur\u00e9e de lecture estim\u00e9e\" \/>\n\t<meta name=\"twitter:data1\" content=\"1 minute\" \/>\n<script type=\"application\/ld+json\" class=\"yoast-schema-graph\">{\"@context\":\"https:\/\/schema.org\",\"@graph\":[{\"@type\":\"WebPage\",\"@id\":\"https:\/\/abcinsurance.be\/?page_id=2509\",\"url\":\"https:\/\/abcinsurance.be\/?page_id=2509\",\"name\":\"Cr\u00e9dits a la consommation - ABC Insurance\",\"isPartOf\":{\"@id\":\"https:\/\/abcinsurance.be\/#website\"},\"datePublished\":\"2024-10-29T16:31:11+00:00\",\"dateModified\":\"2024-11-04T14:39:52+00:00\",\"breadcrumb\":{\"@id\":\"https:\/\/abcinsurance.be\/?page_id=2509#breadcrumb\"},\"inLanguage\":\"fr-FR\",\"potentialAction\":[{\"@type\":\"ReadAction\",\"target\":[\"https:\/\/abcinsurance.be\/?page_id=2509\"]}]},{\"@type\":\"BreadcrumbList\",\"@id\":\"https:\/\/abcinsurance.be\/?page_id=2509#breadcrumb\",\"itemListElement\":[{\"@type\":\"ListItem\",\"position\":1,\"name\":\"Accueil\",\"item\":\"https:\/\/abcinsurance.be\/\"},{\"@type\":\"ListItem\",\"position\":2,\"name\":\"Cr\u00e9dits a la consommation\"}]},{\"@type\":\"WebSite\",\"@id\":\"https:\/\/abcinsurance.be\/#website\",\"url\":\"https:\/\/abcinsurance.be\/\",\"name\":\"ABC Insurance\",\"description\":\"Etre votre r\u00e9f\u00e9rence en assurances sera notre r\u00e9compence\",\"potentialAction\":[{\"@type\":\"SearchAction\",\"target\":{\"@type\":\"EntryPoint\",\"urlTemplate\":\"https:\/\/abcinsurance.be\/?s={search_term_string}\"},\"query-input\":\"required name=search_term_string\"}],\"inLanguage\":\"fr-FR\"}]}<\/script>\n<!-- \/ Yoast SEO plugin. -->","yoast_head_json":{"title":"Cr\u00e9dits a la consommation - ABC Insurance","robots":{"index":"noindex","follow":"follow","max-snippet":"max-snippet:-1","max-image-preview":"max-image-preview:large","max-video-preview":"max-video-preview:-1"},"og_locale":"fr_FR","og_type":"article","og_title":"Cr\u00e9dits a la consommation - ABC Insurance","og_description":"Chez ABC Insurance, nous proposons d\u00e9sormais des cr\u00e9dits \u00e0 la consommation. &nbsp; Un cr\u00e9dit \u00e0 la consommation est un pr\u00eat pour particuliers. Permettant d&rsquo;acqu\u00e9rir un bien mobilier (comme une voiture ou un t\u00e9l\u00e9viseur) Financer un service (par exemple organiser un mariage) Ou couvrir des d\u00e9penses priv\u00e9es (comme le paiement d&rsquo;imp\u00f4ts). &nbsp; Pour en savoir plus, [&hellip;]","og_url":"https:\/\/abcinsurance.be\/?page_id=2509","og_site_name":"ABC Insurance","article_publisher":"https:\/\/www.facebook.com\/ABC-Insurance-295909420597378","article_modified_time":"2024-11-04T14:39:52+00:00","twitter_card":"summary_large_image","twitter_site":"@ABCWEMMEL","twitter_misc":{"Dur\u00e9e de lecture estim\u00e9e":"1 minute"},"schema":{"@context":"https:\/\/schema.org","@graph":[{"@type":"WebPage","@id":"https:\/\/abcinsurance.be\/?page_id=2509","url":"https:\/\/abcinsurance.be\/?page_id=2509","name":"Cr\u00e9dits a la consommation - ABC Insurance","isPartOf":{"@id":"https:\/\/abcinsurance.be\/#website"},"datePublished":"2024-10-29T16:31:11+00:00","dateModified":"2024-11-04T14:39:52+00:00","breadcrumb":{"@id":"https:\/\/abcinsurance.be\/?page_id=2509#breadcrumb"},"inLanguage":"fr-FR","potentialAction":[{"@type":"ReadAction","target":["https:\/\/abcinsurance.be\/?page_id=2509"]}]},{"@type":"BreadcrumbList","@id":"https:\/\/abcinsurance.be\/?page_id=2509#breadcrumb","itemListElement":[{"@type":"ListItem","position":1,"name":"Accueil","item":"https:\/\/abcinsurance.be\/"},{"@type":"ListItem","position":2,"name":"Cr\u00e9dits a la consommation"}]},{"@type":"WebSite","@id":"https:\/\/abcinsurance.be\/#website","url":"https:\/\/abcinsurance.be\/","name":"ABC Insurance","description":"Etre votre r\u00e9f\u00e9rence en assurances sera notre r\u00e9compence","potentialAction":[{"@type":"SearchAction","target":{"@type":"EntryPoint","urlTemplate":"https:\/\/abcinsurance.be\/?s={search_term_string}"},"query-input":"required name=search_term_string"}],"inLanguage":"fr-FR"}]}},"jetpack_sharing_enabled":true,"_links":{"self":[{"href":"https:\/\/abcinsurance.be\/index.php?rest_route=\/wp\/v2\/pages\/2509"}],"collection":[{"href":"https:\/\/abcinsurance.be\/index.php?rest_route=\/wp\/v2\/pages"}],"about":[{"href":"https:\/\/abcinsurance.be\/index.php?rest_route=\/wp\/v2\/types\/page"}],"author":[{"embeddable":true,"href":"https:\/\/abcinsurance.be\/index.php?rest_route=\/wp\/v2\/users\/1"}],"replies":[{"embeddable":true,"href":"https:\/\/abcinsurance.be\/index.php?rest_route=%2Fwp%2Fv2%2Fcomments&post=2509"}],"version-history":[{"count":4,"href":"https:\/\/abcinsurance.be\/index.php?rest_route=\/wp\/v2\/pages\/2509\/revisions"}],"predecessor-version":[{"id":2538,"href":"https:\/\/abcinsurance.be\/index.php?rest_route=\/wp\/v2\/pages\/2509\/revisions\/2538"}],"wp:attachment":[{"href":"https:\/\/abcinsurance.be\/index.php?rest_route=%2Fwp%2Fv2%2Fmedia&parent=2509"}],"curies":[{"name":"wp","href":"https:\/\/api.w.org\/{rel}","templated":true}]}}