{"id":2514,"date":"2024-10-29T17:15:53","date_gmt":"2024-10-29T16:15:53","guid":{"rendered":"https:\/\/abcinsurance.be\/?page_id=2514"},"modified":"2025-02-12T14:00:20","modified_gmt":"2025-02-12T13:00:20","slug":"kredieten","status":"publish","type":"page","link":"https:\/\/abcinsurance.be\/?page_id=2514&lang=nl","title":{"rendered":"Kredieten"},"content":{"rendered":"<p>Wij bieden niet alleen verzekeringen, maar nu ook <strong>hypothecaire leningen en consumenten kredieten <\/strong>aan.<\/p>\n<p>&nbsp;<\/p>\n<p>Of het nu gaat om het beschermen van uw toekomst of het financieren van uw dromen, wij staan voor u klaar! \ud83d\udcbc\ud83d\udcb0<\/p>\n<p>&nbsp;<\/p>\n<p>Contacteer ons vrijblijvend voor meer info!<\/p>\n<p>&nbsp;<\/p>\n<p><img loading=\"lazy\" decoding=\"async\" width=\"2560\" height=\"948\" class=\"alignnone size-full wp-image-2577\" src=\"https:\/\/abcinsurance.be\/wp-content\/uploads\/2025\/02\/kredietmakelaar_logo_kleur_liggend-scaled.jpg\" alt=\"\" srcset=\"https:\/\/abcinsurance.be\/wp-content\/uploads\/2025\/02\/kredietmakelaar_logo_kleur_liggend-scaled.jpg 2560w, https:\/\/abcinsurance.be\/wp-content\/uploads\/2025\/02\/kredietmakelaar_logo_kleur_liggend-300x111.jpg 300w, https:\/\/abcinsurance.be\/wp-content\/uploads\/2025\/02\/kredietmakelaar_logo_kleur_liggend-1024x379.jpg 1024w, https:\/\/abcinsurance.be\/wp-content\/uploads\/2025\/02\/kredietmakelaar_logo_kleur_liggend-768x284.jpg 768w, https:\/\/abcinsurance.be\/wp-content\/uploads\/2025\/02\/kredietmakelaar_logo_kleur_liggend-1536x569.jpg 1536w, https:\/\/abcinsurance.be\/wp-content\/uploads\/2025\/02\/kredietmakelaar_logo_kleur_liggend-2048x758.jpg 2048w, https:\/\/abcinsurance.be\/wp-content\/uploads\/2025\/02\/kredietmakelaar_logo_kleur_liggend-958x355.jpg 958w\" sizes=\"(max-width: 2560px) 100vw, 2560px\" \/><\/p>\n","protected":false},"excerpt":{"rendered":"<p>Wij bieden niet alleen verzekeringen, maar nu ook hypothecaire leningen en consumenten kredieten aan. &nbsp; Of het nu gaat om het beschermen van uw toekomst of het financieren van uw dromen, wij staan voor u klaar! \ud83d\udcbc\ud83d\udcb0 &nbsp; Contacteer ons vrijblijvend voor meer info! &nbsp;<\/p>\n","protected":false},"author":1,"featured_media":0,"parent":0,"menu_order":0,"comment_status":"closed","ping_status":"closed","template":"","meta":{"footnotes":""},"yoast_head":"<!-- This site is optimized with the Yoast SEO plugin v22.9 - https:\/\/yoast.com\/wordpress\/plugins\/seo\/ -->\n<title>Kredieten - ABC Insurance<\/title>\n<meta name=\"robots\" content=\"noindex, follow, max-snippet:-1, max-image-preview:large, max-video-preview:-1\" \/>\n<meta property=\"og:locale\" content=\"fr_FR\" \/>\n<meta property=\"og:type\" content=\"article\" \/>\n<meta property=\"og:title\" content=\"Kredieten - ABC Insurance\" \/>\n<meta property=\"og:description\" content=\"Wij bieden niet alleen verzekeringen, maar nu ook hypothecaire leningen en consumenten kredieten aan. &nbsp; Of het nu gaat om het beschermen van uw toekomst of het financieren van uw dromen, wij staan voor u klaar! \ud83d\udcbc\ud83d\udcb0 &nbsp; Contacteer ons vrijblijvend voor meer info! &nbsp;\" \/>\n<meta property=\"og:url\" content=\"https:\/\/abcinsurance.be\/?page_id=2514&amp;lang=nl\" \/>\n<meta property=\"og:site_name\" content=\"ABC Insurance\" \/>\n<meta property=\"article:publisher\" content=\"https:\/\/www.facebook.com\/ABC-Insurance-295909420597378\" \/>\n<meta property=\"article:modified_time\" content=\"2025-02-12T13:00:20+00:00\" \/>\n<meta property=\"og:image\" content=\"https:\/\/abcinsurance.be\/wp-content\/uploads\/2025\/02\/kredietmakelaar_logo_kleur_liggend-scaled.jpg\" \/>\n<meta name=\"twitter:card\" content=\"summary_large_image\" \/>\n<meta name=\"twitter:site\" content=\"@ABCWEMMEL\" \/>\n<meta name=\"twitter:label1\" content=\"Dur\u00e9e de lecture estim\u00e9e\" \/>\n\t<meta name=\"twitter:data1\" content=\"1 minute\" \/>\n<script type=\"application\/ld+json\" class=\"yoast-schema-graph\">{\"@context\":\"https:\/\/schema.org\",\"@graph\":[{\"@type\":\"WebPage\",\"@id\":\"https:\/\/abcinsurance.be\/?page_id=2514&lang=nl\",\"url\":\"https:\/\/abcinsurance.be\/?page_id=2514&lang=nl\",\"name\":\"Kredieten - ABC Insurance\",\"isPartOf\":{\"@id\":\"https:\/\/abcinsurance.be\/#website\"},\"primaryImageOfPage\":{\"@id\":\"https:\/\/abcinsurance.be\/?page_id=2514&lang=nl#primaryimage\"},\"image\":{\"@id\":\"https:\/\/abcinsurance.be\/?page_id=2514&lang=nl#primaryimage\"},\"thumbnailUrl\":\"https:\/\/abcinsurance.be\/wp-content\/uploads\/2025\/02\/kredietmakelaar_logo_kleur_liggend-scaled.jpg\",\"datePublished\":\"2024-10-29T16:15:53+00:00\",\"dateModified\":\"2025-02-12T13:00:20+00:00\",\"breadcrumb\":{\"@id\":\"https:\/\/abcinsurance.be\/?page_id=2514&lang=nl#breadcrumb\"},\"inLanguage\":\"fr-FR\",\"potentialAction\":[{\"@type\":\"ReadAction\",\"target\":[\"https:\/\/abcinsurance.be\/?page_id=2514&lang=nl\"]}]},{\"@type\":\"ImageObject\",\"inLanguage\":\"fr-FR\",\"@id\":\"https:\/\/abcinsurance.be\/?page_id=2514&lang=nl#primaryimage\",\"url\":\"https:\/\/abcinsurance.be\/wp-content\/uploads\/2025\/02\/kredietmakelaar_logo_kleur_liggend-scaled.jpg\",\"contentUrl\":\"https:\/\/abcinsurance.be\/wp-content\/uploads\/2025\/02\/kredietmakelaar_logo_kleur_liggend-scaled.jpg\",\"width\":2560,\"height\":948},{\"@type\":\"BreadcrumbList\",\"@id\":\"https:\/\/abcinsurance.be\/?page_id=2514&lang=nl#breadcrumb\",\"itemListElement\":[{\"@type\":\"ListItem\",\"position\":1,\"name\":\"Accueil\",\"item\":\"https:\/\/abcinsurance.be\/\"},{\"@type\":\"ListItem\",\"position\":2,\"name\":\"Kredieten\"}]},{\"@type\":\"WebSite\",\"@id\":\"https:\/\/abcinsurance.be\/#website\",\"url\":\"https:\/\/abcinsurance.be\/\",\"name\":\"ABC Insurance\",\"description\":\"Etre votre r\u00e9f\u00e9rence en assurances sera notre r\u00e9compence\",\"potentialAction\":[{\"@type\":\"SearchAction\",\"target\":{\"@type\":\"EntryPoint\",\"urlTemplate\":\"https:\/\/abcinsurance.be\/?s={search_term_string}\"},\"query-input\":\"required name=search_term_string\"}],\"inLanguage\":\"fr-FR\"}]}<\/script>\n<!-- \/ Yoast SEO plugin. -->","yoast_head_json":{"title":"Kredieten - ABC Insurance","robots":{"index":"noindex","follow":"follow","max-snippet":"max-snippet:-1","max-image-preview":"max-image-preview:large","max-video-preview":"max-video-preview:-1"},"og_locale":"fr_FR","og_type":"article","og_title":"Kredieten - ABC Insurance","og_description":"Wij bieden niet alleen verzekeringen, maar nu ook hypothecaire leningen en consumenten kredieten aan. &nbsp; Of het nu gaat om het beschermen van uw toekomst of het financieren van uw dromen, wij staan voor u klaar! \ud83d\udcbc\ud83d\udcb0 &nbsp; Contacteer ons vrijblijvend voor meer info! &nbsp;","og_url":"https:\/\/abcinsurance.be\/?page_id=2514&lang=nl","og_site_name":"ABC Insurance","article_publisher":"https:\/\/www.facebook.com\/ABC-Insurance-295909420597378","article_modified_time":"2025-02-12T13:00:20+00:00","og_image":[{"url":"https:\/\/abcinsurance.be\/wp-content\/uploads\/2025\/02\/kredietmakelaar_logo_kleur_liggend-scaled.jpg"}],"twitter_card":"summary_large_image","twitter_site":"@ABCWEMMEL","twitter_misc":{"Dur\u00e9e de lecture estim\u00e9e":"1 minute"},"schema":{"@context":"https:\/\/schema.org","@graph":[{"@type":"WebPage","@id":"https:\/\/abcinsurance.be\/?page_id=2514&lang=nl","url":"https:\/\/abcinsurance.be\/?page_id=2514&lang=nl","name":"Kredieten - ABC Insurance","isPartOf":{"@id":"https:\/\/abcinsurance.be\/#website"},"primaryImageOfPage":{"@id":"https:\/\/abcinsurance.be\/?page_id=2514&lang=nl#primaryimage"},"image":{"@id":"https:\/\/abcinsurance.be\/?page_id=2514&lang=nl#primaryimage"},"thumbnailUrl":"https:\/\/abcinsurance.be\/wp-content\/uploads\/2025\/02\/kredietmakelaar_logo_kleur_liggend-scaled.jpg","datePublished":"2024-10-29T16:15:53+00:00","dateModified":"2025-02-12T13:00:20+00:00","breadcrumb":{"@id":"https:\/\/abcinsurance.be\/?page_id=2514&lang=nl#breadcrumb"},"inLanguage":"fr-FR","potentialAction":[{"@type":"ReadAction","target":["https:\/\/abcinsurance.be\/?page_id=2514&lang=nl"]}]},{"@type":"ImageObject","inLanguage":"fr-FR","@id":"https:\/\/abcinsurance.be\/?page_id=2514&lang=nl#primaryimage","url":"https:\/\/abcinsurance.be\/wp-content\/uploads\/2025\/02\/kredietmakelaar_logo_kleur_liggend-scaled.jpg","contentUrl":"https:\/\/abcinsurance.be\/wp-content\/uploads\/2025\/02\/kredietmakelaar_logo_kleur_liggend-scaled.jpg","width":2560,"height":948},{"@type":"BreadcrumbList","@id":"https:\/\/abcinsurance.be\/?page_id=2514&lang=nl#breadcrumb","itemListElement":[{"@type":"ListItem","position":1,"name":"Accueil","item":"https:\/\/abcinsurance.be\/"},{"@type":"ListItem","position":2,"name":"Kredieten"}]},{"@type":"WebSite","@id":"https:\/\/abcinsurance.be\/#website","url":"https:\/\/abcinsurance.be\/","name":"ABC Insurance","description":"Etre votre r\u00e9f\u00e9rence en assurances sera notre r\u00e9compence","potentialAction":[{"@type":"SearchAction","target":{"@type":"EntryPoint","urlTemplate":"https:\/\/abcinsurance.be\/?s={search_term_string}"},"query-input":"required name=search_term_string"}],"inLanguage":"fr-FR"}]}},"jetpack_sharing_enabled":true,"_links":{"self":[{"href":"https:\/\/abcinsurance.be\/index.php?rest_route=\/wp\/v2\/pages\/2514"}],"collection":[{"href":"https:\/\/abcinsurance.be\/index.php?rest_route=\/wp\/v2\/pages"}],"about":[{"href":"https:\/\/abcinsurance.be\/index.php?rest_route=\/wp\/v2\/types\/page"}],"author":[{"embeddable":true,"href":"https:\/\/abcinsurance.be\/index.php?rest_route=\/wp\/v2\/users\/1"}],"replies":[{"embeddable":true,"href":"https:\/\/abcinsurance.be\/index.php?rest_route=%2Fwp%2Fv2%2Fcomments&post=2514"}],"version-history":[{"count":4,"href":"https:\/\/abcinsurance.be\/index.php?rest_route=\/wp\/v2\/pages\/2514\/revisions"}],"predecessor-version":[{"id":2525,"href":"https:\/\/abcinsurance.be\/index.php?rest_route=\/wp\/v2\/pages\/2514\/revisions\/2525"}],"wp:attachment":[{"href":"https:\/\/abcinsurance.be\/index.php?rest_route=%2Fwp%2Fv2%2Fmedia&parent=2514"}],"curies":[{"name":"wp","href":"https:\/\/api.w.org\/{rel}","templated":true}]}}